{"id":102,"date":"2016-05-10T21:26:35","date_gmt":"2016-05-10T19:26:35","guid":{"rendered":"http:\/\/wp.babysarahshome.de\/?page_id=102"},"modified":"2016-06-03T16:09:23","modified_gmt":"2016-06-03T14:09:23","slug":"das-team","status":"publish","type":"page","link":"https:\/\/www.babysarahshome.de\/?page_id=102","title":{"rendered":"Das Team"},"content":{"rendered":"<div id=\"c353\" class=\"csc-default\">\n<div class=\"csc-header csc-header-n1\">\n<h2 class=\"csc-firstHeader\">Viele Menschen tragen das Baby Sarah`s Home<\/h2>\n<\/div>\n<p class=\"bodytext\">\u00dcber 20 fest angestellte Mitarbeiter und Honorarkr\u00e4fte k\u00fcmmern sich um die Kinder. Manche Tag und Nacht, andere nur stundenweise: Da w\u00e4ren das K\u00fcchenteam, die Lehrerinnen der F\u00f6rderschule,\u00a0 Nachhilfelehrerinnen, Tanz- und Yogaleherer, Therapeuten &#8230; Dazu kommen noch zahlreiche ehrenamtliche Helfer aus Indien und der ganzen Welt. Vier Menschen wollen wir Ihnen n\u00e4her vorstellen.<\/p>\n<\/div>\n<div id=\"c354\" class=\"csc-default\">\n<div class=\"csc-textpic csc-textpic-intext-right\">\n<div class=\"csc-textpic-imagewrap csc-textpic-single-image\"><\/div>\n<div class=\"csc-textpic-text\">\n<p class=\"bodytext\"><b><a href=\"http:\/\/wp.babysarahshome.de\/wp-content\/uploads\/2016\/05\/bild-joseph.jpg\"><img loading=\"lazy\" class=\"alignright wp-image-103 size-medium\" src=\"http:\/\/wp.babysarahshome.de\/wp-content\/uploads\/2016\/05\/bild-joseph-300x296.jpg\" alt=\"bild joseph\" width=\"300\" height=\"296\" srcset=\"https:\/\/www.babysarahshome.de\/wp-content\/uploads\/2016\/05\/bild-joseph-300x296.jpg 300w, https:\/\/www.babysarahshome.de\/wp-content\/uploads\/2016\/05\/bild-joseph.jpg 608w\" sizes=\"(max-width: 300px) 100vw, 300px\" \/><\/a>A.P. Joseph: Der Gr\u00fcnder<br \/>\n<\/b>Als Sozialarbeiter k\u00fcmmerte er sich um Obdachlose und psychisch Kranken.\u00a0Sein gro\u00dfer Traum war es, behinderten Waisen ein neues Zuhause zu geben. Er hat das Heim 1995 gegr\u00fcndet und durch die ersten schweren Jahre gef\u00fchrt. Im Fr\u00fchjahr 2002 konnte er noch den Grundstein f\u00fcr den Neubau legen. Kurz darauf starb er an einem Gehirnschlag.<\/p>\n<\/div>\n<p class=\"bodytext\">\n<\/div>\n<div class=\"csc-textpic-clear\"><\/div>\n<\/div>\n<div id=\"c355\" class=\"csc-default\">\n<div class=\"csc-textpic csc-textpic-intext-left-nowrap\">\n<div class=\"csc-textpic-imagewrap csc-textpic-single-image\"><\/div>\n<div>\n<div class=\"csc-textpic-text\">\n<p class=\"bodytext\"><b> <a href=\"http:\/\/wp.babysarahshome.de\/wp-content\/uploads\/2016\/05\/victoria-mit-kalai.jpg\"><img loading=\"lazy\" class=\"alignleft wp-image-105 size-medium\" src=\"http:\/\/wp.babysarahshome.de\/wp-content\/uploads\/2016\/05\/victoria-mit-kalai-267x300.jpg\" alt=\"victoria mit kalai\" width=\"267\" height=\"300\" srcset=\"https:\/\/www.babysarahshome.de\/wp-content\/uploads\/2016\/05\/victoria-mit-kalai-267x300.jpg 267w, https:\/\/www.babysarahshome.de\/wp-content\/uploads\/2016\/05\/victoria-mit-kalai.jpg 724w\" sizes=\"(max-width: 267px) 100vw, 267px\" \/><\/a>Victoria Mary<br \/>\nDie Seele des Heims<\/b><\/p>\n<p class=\"bodytext\">Sie hat das Heim mit ihrem Mann Joseph zusammen gegr\u00fcndet und war von Anfang an dessen gute Seele. Nach seinem Tod hat sie als Pr\u00e4sidentin die Leitung des Heims \u00fcbernommen. Es ist Victoria, die diesen riesigen Haushalt f\u00fchrt und zusammenh\u00e4lt. Sie ist die &#8222;Amma&#8220;, die Mutter des Heims und aller seiner Kinder.<\/p>\n<\/div>\n<p class=\"bodytext\">\n<\/div>\n<\/div>\n<div class=\"csc-textpic-clear\"><\/div>\n<\/div>\n<div id=\"c356\" class=\"csc-default\">\n<div class=\"csc-textpic csc-textpic-intext-right\">\n<div class=\"csc-textpic-imagewrap csc-textpic-single-image\"><\/div>\n<div class=\"csc-textpic-text\">\n<p class=\"bodytext\"><b><a href=\"http:\/\/wp.babysarahshome.de\/wp-content\/uploads\/2016\/05\/karthik.jpg\"><img loading=\"lazy\" class=\"alignright wp-image-106 size-medium\" src=\"http:\/\/wp.babysarahshome.de\/wp-content\/uploads\/2016\/05\/karthik-295x300.jpg\" alt=\"karthik\" width=\"295\" height=\"300\" srcset=\"https:\/\/www.babysarahshome.de\/wp-content\/uploads\/2016\/05\/karthik-295x300.jpg 295w, https:\/\/www.babysarahshome.de\/wp-content\/uploads\/2016\/05\/karthik.jpg 480w\" sizes=\"(max-width: 295px) 100vw, 295px\" \/><\/a>Karthik, der<\/b><b> gro\u00dfe Bruder<\/b><\/p>\n<p class=\"bodytext\">Karthik war von 2002 bis Ende 2013 Leiter und Manager des Heims. Er hat diese Aufgabe nach Josephs Tod \u00fcbernommen, als er gerade sein Psychologiestudium beendet hatte. Unerm\u00fcdlich hat er seither das Heim ausgebaut und die Betreuung der Kinder verbessert. Seine Erfahrung wird weit \u00fcber Pondichery hinaus gesch\u00e4tzt. Und die Engelsgeduld, die der &#8222;gro\u00dfe Bruder&#8220; im Umgang mit seinen\u00a0100 Sch\u00fctzlingen hat, ist einfach bewundernswert.<\/p>\n<p class=\"bodytext\">\n<\/div>\n<\/div>\n<div class=\"csc-textpic-clear\"><\/div>\n<\/div>\n<div id=\"c464\" class=\"csc-default\">\n<div class=\"csc-textpic csc-textpic-left csc-textpic-above\">\n<div class=\"csc-textpic-imagewrap csc-textpic-single-image\"><\/div>\n<div class=\"csc-textpic-text\">\n<p class=\"bodytext\"><b><a href=\"http:\/\/wp.babysarahshome.de\/wp-content\/uploads\/2016\/05\/stephen-mit-neuen-kindern.jpg\"><img loading=\"lazy\" class=\"alignleft wp-image-104\" src=\"http:\/\/wp.babysarahshome.de\/wp-content\/uploads\/2016\/05\/stephen-mit-neuen-kindern-300x183.jpg\" alt=\"stephen mit neuen kindern\" width=\"356\" height=\"217\" srcset=\"https:\/\/www.babysarahshome.de\/wp-content\/uploads\/2016\/05\/stephen-mit-neuen-kindern-300x183.jpg 300w, https:\/\/www.babysarahshome.de\/wp-content\/uploads\/2016\/05\/stephen-mit-neuen-kindern-768x467.jpg 768w, https:\/\/www.babysarahshome.de\/wp-content\/uploads\/2016\/05\/stephen-mit-neuen-kindern-1024x623.jpg 1024w, https:\/\/www.babysarahshome.de\/wp-content\/uploads\/2016\/05\/stephen-mit-neuen-kindern.jpg 2048w\" sizes=\"(max-width: 356px) 100vw, 356px\" \/><\/a><\/b><b>Stephen &#8211; Der neue Heimleiter<\/b><\/p>\n<p class=\"bodytext\">Stephen ist der Sohn von Joseph und Victoria. Er hat zusammen mit Karthik Psychologie studiert, sah sich aber nicht in der Lage, direkt nach dem Tod seines Vaters dessen Rolle zu \u00fcbernehmen. Einige Jahre leitete er die Joevi English School, die vom Heim betrieben wird und hat sie bis zur zehnten Klasse ausgebaut. 2012 ist er in die Leitung des Heims mit eingestiegen und hat sie Ende 2013 ganz von Karthik \u00fcbernommen.<\/p>\n<\/div>\n<\/div>\n<\/div>\n","protected":false},"excerpt":{"rendered":"<p>Viele Menschen tragen das Baby Sarah`s Home \u00dcber 20 fest angestellte Mitarbeiter und Honorarkr\u00e4fte k\u00fcmmern sich um die Kinder. Manche Tag und Nacht, andere nur stundenweise: Da w\u00e4ren das K\u00fcchenteam, die Lehrerinnen der F\u00f6rderschule,\u00a0 Nachhilfelehrerinnen, Tanz- und Yogaleherer, Therapeuten &#8230; Dazu kommen noch zahlreiche ehrenamtliche Helfer aus Indien und der ganzen Welt. Vier Menschen wollen &hellip;<\/p>\n","protected":false},"author":1,"featured_media":0,"parent":84,"menu_order":0,"comment_status":"closed","ping_status":"closed","template":"","meta":[],"post_mailing_queue_ids":[],"_links":{"self":[{"href":"https:\/\/www.babysarahshome.de\/index.php?rest_route=\/wp\/v2\/pages\/102"}],"collection":[{"href":"https:\/\/www.babysarahshome.de\/index.php?rest_route=\/wp\/v2\/pages"}],"about":[{"href":"https:\/\/www.babysarahshome.de\/index.php?rest_route=\/wp\/v2\/types\/page"}],"author":[{"embeddable":true,"href":"https:\/\/www.babysarahshome.de\/index.php?rest_route=\/wp\/v2\/users\/1"}],"replies":[{"embeddable":true,"href":"https:\/\/www.babysarahshome.de\/index.php?rest_route=%2Fwp%2Fv2%2Fcomments&post=102"}],"version-history":[{"count":6,"href":"https:\/\/www.babysarahshome.de\/index.php?rest_route=\/wp\/v2\/pages\/102\/revisions"}],"predecessor-version":[{"id":277,"href":"https:\/\/www.babysarahshome.de\/index.php?rest_route=\/wp\/v2\/pages\/102\/revisions\/277"}],"up":[{"embeddable":true,"href":"https:\/\/www.babysarahshome.de\/index.php?rest_route=\/wp\/v2\/pages\/84"}],"wp:attachment":[{"href":"https:\/\/www.babysarahshome.de\/index.php?rest_route=%2Fwp%2Fv2%2Fmedia&parent=102"}],"curies":[{"name":"wp","href":"https:\/\/api.w.org\/{rel}","templated":true}]}}