{"id":111,"date":"2016-05-12T18:47:34","date_gmt":"2016-05-12T16:47:34","guid":{"rendered":"http:\/\/wp.babysarahshome.de\/?page_id=111"},"modified":"2016-06-03T16:18:17","modified_gmt":"2016-06-03T14:18:17","slug":"die-schulen","status":"publish","type":"page","link":"https:\/\/www.babysarahshome.de\/?page_id=111","title":{"rendered":"Die Schulen"},"content":{"rendered":"<section id=\"builder-section-1463067609481\" class=\"builder-section builder-section-first builder-section-text builder-section-last builder-text-columns-3\" style=\"\">\n<div class=\"builder-section-content\">\n<div class=\"builder-text-column builder-text-column-1\" id=\"builder-section-1463067609481-column-1\">\n<figure class=\"builder-text-image\">\n\t\t\t\t<a href=\"http:\/\/wp.babysarahshome.de\/wp-content\/uploads\/2016\/05\/saranya-mit-schulranzen.jpg\"><img loading=\"lazy\" width=\"1024\" height=\"683\" src=\"http:\/\/wp.babysarahshome.de\/wp-content\/uploads\/2016\/05\/saranya-mit-schulranzen-1024x683.jpg\" class=\"attachment-large size-large\" alt=\"saranya mit schulranzen\" srcset=\"http:\/\/wp.babysarahshome.de\/wp-content\/uploads\/2016\/05\/saranya-mit-schulranzen-1024x683.jpg 1024w, http:\/\/wp.babysarahshome.de\/wp-content\/uploads\/2016\/05\/saranya-mit-schulranzen-300x200.jpg 300w, http:\/\/wp.babysarahshome.de\/wp-content\/uploads\/2016\/05\/saranya-mit-schulranzen-768x512.jpg 768w\" sizes=\"(max-width: 1024px) 100vw, 1024px\" \/><\/a>\t\t\t<\/figure>\n<div class=\"builder-text-content\">\n<div class=\"csc-header csc-header-n1\">\n<h2 class=\"csc-firstHeader\">Bildung schafft Chancen<\/h2>\n<\/div>\n<p class=\"bodytext\" style=\"text-align: justify;\">Die Kinder im Heim sollen durch eine breit angelegte Bildung m\u00f6glichst gute Chancen f\u00fcr ihr zuk\u00fcnftiges Leben bekommen. F\u00fcr die behinderten Kinder soll dies durch die F\u00f6rderschule\u00a0 erreicht werden. Die nicht behinderten Kinder gehen alle auf eine englischsprachige Schule, weil sie mit Englisch als Unterrichtssprache sp\u00e4ter mit besseren Chancen in ihr Berufsleben starten. Bis zur 10. Klasse besuchen sie die Joevi Middle School, die vom Heim betrieben wird. Danach gehen sie auf weiterf\u00fchrende Schulen. Diese kosten ebenso Geld wie die Colloges, die einige der jungen Erwachsenen besuchen.\u00a0 Dar\u00fcber hinaus f\u00f6rdert das Heim die Kinder durch zahlreiche Aktivit\u00e4ten wie Yoga, Tanz, Handarbeiten, Computerkurse. Wer mit dem Lernen Schwierigkeiten hat, bekommt Nachhilfe. Besonderen Wert legt das Heim darauf, dass die Kinder &#8211; auch die Behinderten &#8211; an Wettbewerben teilnehmen und ihr K\u00f6nnen \u00f6ffentlich zeigen. Das st\u00e4rkt das Selbstbewusstsein enorm.<\/p>\n<p class=\"bodytext\"><span style=\"color: #000080;\"><cite>Der Grundsatz des Heims lautet: \u201eWe are not disabled, we are differently abled\u201c. Wir sind nicht behindert, wir haben andere Begabungen.<\/cite><\/span><\/p>\n<\/p><\/div>\n<\/p><\/div>\n<div class=\"builder-text-column builder-text-column-2\" id=\"builder-section-1463067609481-column-2\">\n<div class=\"builder-text-content\">\n<div class=\"csc-header csc-header-n1\">\n<h2 class=\"csc-firstHeader\">Die F\u00f6rderschule<\/h2>\n<\/div>\n<p class=\"bodytext\" style=\"text-align: justify;\">Seit 2005 betreibt das Heim eine eigene F\u00f6rderschule. Ihr wichtigstes Ziel ist es, dass die Kinder f\u00e4hig werden, ihren Alltag m\u00f6glichst selbst\u00e4ndig zu bew\u00e4ltigen.\u00a0 Vom Waschen und Anziehen bis hin zum eigenst\u00e4ndigen Einkaufen. Auch Grundkenntnisse in Rechnen und Schreiben sowie handwerkliche F\u00e4higkeiten werden ihnen, soweit m\u00f6glich, vermittelt. Die Schule ist offen f\u00fcr behinderte Kinder aus der n\u00e4heren Umgebung, die von ihren Eltern gebracht und wieder abgeholt werden. Die Handwerksklasse versucht auch, ihre Produkte zu verkaufen.<\/p>\n<p class=\"bodytext\"><a href=\"http:\/\/wp.babysarahshome.de\/wp-content\/uploads\/2016\/05\/mit-teppich.jpg\"><img loading=\"lazy\" class=\"alignnone wp-image-119\" src=\"http:\/\/wp.babysarahshome.de\/wp-content\/uploads\/2016\/05\/mit-teppich-200x300.jpg\" alt=\"mit teppich\" width=\"140\" height=\"210\" srcset=\"https:\/\/www.babysarahshome.de\/wp-content\/uploads\/2016\/05\/mit-teppich-200x300.jpg 200w, https:\/\/www.babysarahshome.de\/wp-content\/uploads\/2016\/05\/mit-teppich.jpg 639w\" sizes=\"(max-width: 140px) 100vw, 140px\" \/><\/a><a href=\"http:\/\/wp.babysarahshome.de\/wp-content\/uploads\/2016\/05\/ruby-mit-rahmen.jpg\"><img loading=\"lazy\" class=\"alignnone wp-image-123\" src=\"http:\/\/wp.babysarahshome.de\/wp-content\/uploads\/2016\/05\/ruby-mit-rahmen-200x300.jpg\" alt=\"ruby mit rahmen\" width=\"140\" height=\"210\" srcset=\"https:\/\/www.babysarahshome.de\/wp-content\/uploads\/2016\/05\/ruby-mit-rahmen-200x300.jpg 200w, https:\/\/www.babysarahshome.de\/wp-content\/uploads\/2016\/05\/ruby-mit-rahmen.jpg 639w\" sizes=\"(max-width: 140px) 100vw, 140px\" \/><\/a><\/p>\n<p class=\"bodytext\" style=\"text-align: justify;\">Physiotherapeuten, Logop\u00e4den und andere Experten k\u00fcmmern sich um die k\u00f6rperlichen Handicaps der Kinder, denn oft gehen geistige Behinderungen mit spastischen L\u00e4hmungen oder Sprachst\u00f6rungen einher.<a href=\"http:\/\/wp.babysarahshome.de\/wp-content\/uploads\/2016\/05\/unterricht-f\u00f6rderschule.jpg\"><img loading=\"lazy\" class=\"alignnone wp-image-113 size-medium\" src=\"http:\/\/wp.babysarahshome.de\/wp-content\/uploads\/2016\/05\/unterricht-f\u00f6rderschule-300x200.jpg\" alt=\"unterricht f\u00f6rderschule\" width=\"300\" height=\"200\" srcset=\"https:\/\/www.babysarahshome.de\/wp-content\/uploads\/2016\/05\/unterricht-f\u00f6rderschule-300x200.jpg 300w, https:\/\/www.babysarahshome.de\/wp-content\/uploads\/2016\/05\/unterricht-f\u00f6rderschule.jpg 512w\" sizes=\"(max-width: 300px) 100vw, 300px\" \/><\/a><a href=\"http:\/\/wp.babysarahshome.de\/wp-content\/uploads\/2016\/05\/h\u00e4nde-unterricht.jpg\"><img loading=\"lazy\" class=\"alignnone wp-image-115 size-medium\" src=\"http:\/\/wp.babysarahshome.de\/wp-content\/uploads\/2016\/05\/h\u00e4nde-unterricht-300x200.jpg\" alt=\"h\u00e4nde unterricht\" width=\"300\" height=\"200\" srcset=\"https:\/\/www.babysarahshome.de\/wp-content\/uploads\/2016\/05\/h\u00e4nde-unterricht-300x200.jpg 300w, https:\/\/www.babysarahshome.de\/wp-content\/uploads\/2016\/05\/h\u00e4nde-unterricht.jpg 744w\" sizes=\"(max-width: 300px) 100vw, 300px\" \/><\/a><\/p>\n<\/p><\/div>\n<\/p><\/div>\n<div class=\"builder-text-column builder-text-column-3\" id=\"builder-section-1463067609481-column-3\">\n<figure class=\"builder-text-image\">\n\t\t\t\t<a href=\"http:\/\/wp.babysarahshome.de\/wp-content\/uploads\/2016\/05\/joevi-school.jpg\"><img loading=\"lazy\" width=\"960\" height=\"960\" src=\"http:\/\/wp.babysarahshome.de\/wp-content\/uploads\/2016\/05\/joevi-school.jpg\" class=\"attachment-large size-large\" alt=\"joevi school\" srcset=\"http:\/\/wp.babysarahshome.de\/wp-content\/uploads\/2016\/05\/joevi-school.jpg 960w, http:\/\/wp.babysarahshome.de\/wp-content\/uploads\/2016\/05\/joevi-school-150x150.jpg 150w, http:\/\/wp.babysarahshome.de\/wp-content\/uploads\/2016\/05\/joevi-school-300x300.jpg 300w, http:\/\/wp.babysarahshome.de\/wp-content\/uploads\/2016\/05\/joevi-school-768x768.jpg 768w\" sizes=\"(max-width: 960px) 100vw, 960px\" \/><\/a>\t\t\t<\/figure>\n<div class=\"builder-text-content\">\n<div class=\"csc-header csc-header-n1\">\n<h2 class=\"csc-firstHeader\">Die eigene Schule<\/h2>\n<\/div>\n<p style=\"text-align: justify;\">2006 hat das Heim eine kleine Schule \u00fcbernommen, in der Kinder von der 1. bis zur 10. Klasse weitgehend in Englisch\u00a0unterrichtet werden. Der Gr\u00fcnder der Schule musste aus Altersgr\u00fcnden aufh\u00f6ren und wollte sein Werk in guten H\u00e4nden wissen. Untergebracht ist die Joevi English School in einem kleinen H\u00e4uschen ganz\u00a0in der N\u00e4he des Heims. Gestiftet hat das H\u00e4uschen eine Wohlt\u00e4tigkeitsorganisation aus Pondicherry. Nach dem Wirbelsturm Thane im Dezember 2011 haben wir<span style=\"color: #000000;\"> die Sch\u00e4den am Geb\u00e4ude repariert.<\/span> Neben den Heimkindern besuchen zahlreiche Kinder aus der Umgebung die Schule. Von ihnen verlangt das Heim ein bescheidenes Schulgeld, um den Betreib der Schule unabh\u00e4ngig von Spenden zu finanzieren. Einige der Lehrer engagieren sich auch stark in der Betreuung der Heimkinder und bieten Nachhilfe oder Sport an.<a href=\"http:\/\/wp.babysarahshome.de\/wp-content\/uploads\/2016\/05\/m\u00e4dels-schulranzen-von-hinten.jpg\"><img loading=\"lazy\" class=\"alignnone wp-image-118 size-medium\" src=\"http:\/\/wp.babysarahshome.de\/wp-content\/uploads\/2016\/05\/m\u00e4dels-schulranzen-von-hinten-300x200.jpg\" alt=\"m\u00e4dels schulranzen von hinten\" width=\"300\" height=\"200\" srcset=\"https:\/\/www.babysarahshome.de\/wp-content\/uploads\/2016\/05\/m\u00e4dels-schulranzen-von-hinten-300x200.jpg 300w, https:\/\/www.babysarahshome.de\/wp-content\/uploads\/2016\/05\/m\u00e4dels-schulranzen-von-hinten-768x512.jpg 768w, https:\/\/www.babysarahshome.de\/wp-content\/uploads\/2016\/05\/m\u00e4dels-schulranzen-von-hinten-1024x683.jpg 1024w, https:\/\/www.babysarahshome.de\/wp-content\/uploads\/2016\/05\/m\u00e4dels-schulranzen-von-hinten.jpg 2048w\" sizes=\"(max-width: 300px) 100vw, 300px\" \/><\/a><\/p>\n<\/p><\/div>\n<\/p><\/div>\n<\/p><\/div>\n<\/section>\n","protected":false},"excerpt":{"rendered":"<p>Bildung schafft Chancen Die Kinder im Heim sollen durch eine breit angelegte Bildung m\u00f6glichst gute Chancen f\u00fcr ihr zuk\u00fcnftiges Leben bekommen. F\u00fcr die behinderten Kinder soll dies durch die F\u00f6rderschule\u00a0 erreicht werden. Die nicht behinderten Kinder gehen alle auf eine englischsprachige Schule, weil sie mit Englisch als Unterrichtssprache sp\u00e4ter mit besseren Chancen in ihr Berufsleben &hellip;<\/p>\n","protected":false},"author":1,"featured_media":0,"parent":84,"menu_order":0,"comment_status":"closed","ping_status":"closed","template":"template-builder.php","meta":[],"post_mailing_queue_ids":[],"_links":{"self":[{"href":"https:\/\/www.babysarahshome.de\/index.php?rest_route=\/wp\/v2\/pages\/111"}],"collection":[{"href":"https:\/\/www.babysarahshome.de\/index.php?rest_route=\/wp\/v2\/pages"}],"about":[{"href":"https:\/\/www.babysarahshome.de\/index.php?rest_route=\/wp\/v2\/types\/page"}],"author":[{"embeddable":true,"href":"https:\/\/www.babysarahshome.de\/index.php?rest_route=\/wp\/v2\/users\/1"}],"replies":[{"embeddable":true,"href":"https:\/\/www.babysarahshome.de\/index.php?rest_route=%2Fwp%2Fv2%2Fcomments&post=111"}],"version-history":[{"count":9,"href":"https:\/\/www.babysarahshome.de\/index.php?rest_route=\/wp\/v2\/pages\/111\/revisions"}],"predecessor-version":[{"id":278,"href":"https:\/\/www.babysarahshome.de\/index.php?rest_route=\/wp\/v2\/pages\/111\/revisions\/278"}],"up":[{"embeddable":true,"href":"https:\/\/www.babysarahshome.de\/index.php?rest_route=\/wp\/v2\/pages\/84"}],"wp:attachment":[{"href":"https:\/\/www.babysarahshome.de\/index.php?rest_route=%2Fwp%2Fv2%2Fmedia&parent=111"}],"curies":[{"name":"wp","href":"https:\/\/api.w.org\/{rel}","templated":true}]}}