{"id":16,"date":"2016-05-08T13:29:53","date_gmt":"2016-05-08T11:29:53","guid":{"rendered":"http:\/\/wp.babysarahshome.de\/?page_id=16"},"modified":"2017-02-02T19:12:51","modified_gmt":"2017-02-02T18:12:51","slug":"homepage","status":"publish","type":"page","link":"https:\/\/www.babysarahshome.de\/","title":{"rendered":"Homepage"},"content":{"rendered":"<section id=\"builder-section-1462703864660\" class=\"builder-section  builder-section-first builder-section-banner builder-section-next-text\" style=\"\">\n<div class=\"builder-section-content cycle-slideshow\" data-cycle-log=\"false\" data-cycle-slides=\"div.builder-banner-slide\" data-cycle-swipe=\"true\" data-cycle-timeout=\"6000\" data-cycle-fx=\"scrollHorz\">\n<div class=\"builder-banner-slide content-position-none\" style=\"background-image: url(&#039;http:\/\/www.babysarahshome.de\/wp-content\/uploads\/2016\/05\/kalai-im-sand-banner-schrift.jpg&#039;);\">\n<div class=\"builder-banner-content\">\n<div class=\"builder-banner-inner-content\">\n\t\t\t\t\t\t\t\t\t<\/div>\n<\/p><\/div>\n<\/p><\/div>\n<div class=\"builder-banner-slide content-position-none\" style=\"background-image: url(&#039;http:\/\/www.babysarahshome.de\/wp-content\/uploads\/2016\/05\/banner-stephen-mit-kindern.jpg&#039;);\">\n<div class=\"builder-banner-content\">\n<div class=\"builder-banner-inner-content\">\n\t\t\t\t\t\t\t\t\t<\/div>\n<\/p><\/div>\n<\/p><\/div>\n<div class=\"builder-banner-slide content-position-none\" style=\"background-image: url(&#039;http:\/\/www.babysarahshome.de\/wp-content\/uploads\/2016\/05\/banner-sw-kinder-garom.jpg&#039;);\">\n<div class=\"builder-banner-content\">\n<div class=\"builder-banner-inner-content\">\n\t\t\t\t\t\t\t\t\t<\/div>\n<\/p><\/div>\n<\/p><\/div>\n<div class=\"cycle-prev\"><\/div>\n<div class=\"cycle-next\"><\/div>\n<div class=\"cycle-pager\"><\/div>\n<\/p><\/div>\n<\/section>\n<section id=\"builder-section-1462703891995\" class=\"builder-section builder-section-prev-banner builder-section-text builder-section-last builder-text-columns-3\" style=\"\">\n<div class=\"builder-section-content\">\n<div class=\"builder-text-column builder-text-column-1\" id=\"builder-section-1462703891995-column-1\">\n<figure class=\"builder-text-image\">\n\t\t\t\t<a href=\"http:\/\/wp.babysarahshome.de\/wp-content\/uploads\/2016\/05\/alles-fertig-8-alle-kinder.jpg\"><img loading=\"lazy\" width=\"749\" height=\"534\" src=\"http:\/\/www.babysarahshome.de\/wp-content\/uploads\/2016\/05\/alles-fertig-8-alle-kinder.jpg\" class=\"attachment-large size-large\" alt=\"alles fertig 8 alle kinder\" srcset=\"http:\/\/www.babysarahshome.de\/wp-content\/uploads\/2016\/05\/alles-fertig-8-alle-kinder.jpg 749w, http:\/\/www.babysarahshome.de\/wp-content\/uploads\/2016\/05\/alles-fertig-8-alle-kinder-300x214.jpg 300w\" sizes=\"(max-width: 749px) 100vw, 749px\" \/><\/a>\t\t\t<\/figure>\n<div class=\"builder-text-content\">\n<h1>Das Heim<\/h1>\n<p style=\"text-align: justify;\">Das Baby Sarah\u00b4s Home ist ein Heim f\u00fcr behinderte Kinder und Waisen in Pondicherry, einer Stadt an der S\u00fcdostk\u00fcste Indiens mit einer Million Einwohner. Es wurde\u00a01995 gegr\u00fcndet und bietet derzeit 100 Kindern ein Zuhause. Seit 2000 k\u00fcmmert sich der Verein Kinderlachen um die Finanzierung und damit den Erhalt des Heims. Das Baby Sarah\u2019s Home gew\u00e4hrt den Kindern nicht nur Nahrung, Unterkunft und medizinische Versorgung. Es ist eine gro\u00dfe Familie, in der sie mit viel Liebe und Zuneigung aufwachsen k\u00f6nnen. Auf den folgenden Seiten wollen wir Ihnen das Heim, den Verein, die Kinder und ihr Leben genauer vorstellen.<\/p>\n<p>\u00a0<\/p>\n<\/p><\/div>\n<\/p><\/div>\n<div class=\"builder-text-column builder-text-column-2\" id=\"builder-section-1462703891995-column-2\">\n<div class=\"builder-text-content\">\n<h1><strong><big><small>Die Kinder<\/small><\/big><\/strong><\/h1>\n<p class=\"bodytext\" style=\"text-align: justify;\"><span style=\"color: #000080;\">Rund 100 Kinder leben im Baby Sarah&#8217;s Home,\u00a0 50 von ihnen sind geistig behindert. Meist sind diese Kinder dann auch k\u00f6rperlich beeintr\u00e4chtigt und besonders anf\u00e4llig gegen\u00fcber Infektionen und Krankheiten.\u00a0\u00a0Einige der Kinder wurden von der Polizei oder Sozialorganisationen aufgegriffen, weil sie, von den Eltern verlassen, hilflos auf der Stra\u00dfe lebten. Bei anderen Kindern lebt zwar noch ein Elternteil,\u00a0 ist aber wegen Krankheit, Sucht oder sozialer Probleme nicht in der Lage, sich um das Kind zu k\u00fcmmern. Im Heim leben sie als eine gro\u00dfe Familie zusammen: M\u00e4dchen und Jungs, Behinderte und Nicht-Behinderte. Das st\u00e4rkt die soziale Kompetenz der Kinder und f\u00f6rdert ihre Entwicklung.\u00a0<\/span><\/p>\n<h1><a href=\"http:\/\/wp.babysarahshome.de\/wp-content\/uploads\/2016\/05\/gesichter-17.jpg\"><img loading=\"lazy\" class=\"aligncenter wp-image-39\" src=\"http:\/\/wp.babysarahshome.de\/wp-content\/uploads\/2016\/05\/gesichter-17-300x200.jpg\" alt=\"gesichter 17\" width=\"731\" height=\"487\" srcset=\"https:\/\/www.babysarahshome.de\/wp-content\/uploads\/2016\/05\/gesichter-17-300x200.jpg 300w, https:\/\/www.babysarahshome.de\/wp-content\/uploads\/2016\/05\/gesichter-17-768x511.jpg 768w, https:\/\/www.babysarahshome.de\/wp-content\/uploads\/2016\/05\/gesichter-17.jpg 1024w\" sizes=\"(max-width: 731px) 100vw, 731px\" \/><\/a><\/h1>\n<\/p><\/div>\n<\/p><\/div>\n<div class=\"builder-text-column builder-text-column-3\" id=\"builder-section-1462703891995-column-3\">\n<figure class=\"builder-text-image\">\n\t\t\t\t<a href=\"http:\/\/wp.babysarahshome.de\/wp-content\/uploads\/2016\/05\/danke-collage_Seite_1.jpg\"><img loading=\"lazy\" width=\"1024\" height=\"724\" src=\"http:\/\/www.babysarahshome.de\/wp-content\/uploads\/2016\/05\/danke-collage_Seite_1-1024x724.jpg\" class=\"attachment-large size-large\" alt=\"danke collage_Seite_1\" srcset=\"http:\/\/www.babysarahshome.de\/wp-content\/uploads\/2016\/05\/danke-collage_Seite_1-1024x724.jpg 1024w, http:\/\/www.babysarahshome.de\/wp-content\/uploads\/2016\/05\/danke-collage_Seite_1-300x212.jpg 300w, http:\/\/www.babysarahshome.de\/wp-content\/uploads\/2016\/05\/danke-collage_Seite_1-768x543.jpg 768w\" sizes=\"(max-width: 1024px) 100vw, 1024px\" \/><\/a>\t\t\t<\/figure>\n<div class=\"builder-text-content\">\n<h1>Helfen Sie mit<\/h1>\n<p style=\"text-align: justify;\"><b><i>Mit Patenschaften: <\/i><\/b>\u00a0Der Verein Kinderlachen sucht Paten, die mit 15 Euro im Monat (oder mehr) das Heim unterst\u00fctzen. Mit den monatlichen Beitr\u00e4gen von derzeit 100 Paten decken wir zwei Drittel der laufenden Kosten des Heims ab. Dazu geh\u00f6ren Essen, Kleidung, Schulsachen ebenso wie Wasser, Strom und Gas oder gelegentliche Ausfl\u00fcge f\u00fcr die Kinder. Auch die Geh\u00e4lter f\u00fcr alle Angestellten sind in dieser Summe enthalten. <br \/><b><i>Mit Einzelspenden:<\/i><\/b> Dank zahlreicher Spenden konnten wir einen Neubau f\u00fcr das Heim errichten. Seither haben wir zahlreiche kleinere und gr\u00f6\u00dfere Investitionen finanziert, etwa das Grundst\u00fcck f\u00fcr einen Spielplatz oder die Ausstattung der F\u00f6rderschule. Das j\u00fcngste Projekt war eine Solaranlage, die das Heim unabh\u00e4ngig macht von den regelm\u00e4\u00dfigen Stromausf\u00e4llen.<\/p>\n<p>\u00a0<\/p>\n<\/p><\/div>\n<\/p><\/div>\n<\/p><\/div>\n<\/section>\n","protected":false},"excerpt":{"rendered":"<p>Das Heim Das Baby Sarah\u00b4s Home ist ein Heim f\u00fcr behinderte Kinder und Waisen in Pondicherry, einer Stadt an der S\u00fcdostk\u00fcste Indiens mit einer Million Einwohner. Es wurde\u00a01995 gegr\u00fcndet und bietet derzeit 100 Kindern ein Zuhause. Seit 2000 k\u00fcmmert sich der Verein Kinderlachen um die Finanzierung und damit den Erhalt des Heims. Das Baby Sarah\u2019s &hellip;<\/p>\n","protected":false},"author":1,"featured_media":0,"parent":0,"menu_order":0,"comment_status":"closed","ping_status":"closed","template":"template-builder.php","meta":[],"post_mailing_queue_ids":[],"_links":{"self":[{"href":"https:\/\/www.babysarahshome.de\/index.php?rest_route=\/wp\/v2\/pages\/16"}],"collection":[{"href":"https:\/\/www.babysarahshome.de\/index.php?rest_route=\/wp\/v2\/pages"}],"about":[{"href":"https:\/\/www.babysarahshome.de\/index.php?rest_route=\/wp\/v2\/types\/page"}],"author":[{"embeddable":true,"href":"https:\/\/www.babysarahshome.de\/index.php?rest_route=\/wp\/v2\/users\/1"}],"replies":[{"embeddable":true,"href":"https:\/\/www.babysarahshome.de\/index.php?rest_route=%2Fwp%2Fv2%2Fcomments&post=16"}],"version-history":[{"count":34,"href":"https:\/\/www.babysarahshome.de\/index.php?rest_route=\/wp\/v2\/pages\/16\/revisions"}],"predecessor-version":[{"id":376,"href":"https:\/\/www.babysarahshome.de\/index.php?rest_route=\/wp\/v2\/pages\/16\/revisions\/376"}],"wp:attachment":[{"href":"https:\/\/www.babysarahshome.de\/index.php?rest_route=%2Fwp%2Fv2%2Fmedia&parent=16"}],"curies":[{"name":"wp","href":"https:\/\/api.w.org\/{rel}","templated":true}]}}