{"id":166,"date":"2016-05-23T21:15:52","date_gmt":"2016-05-23T19:15:52","guid":{"rendered":"http:\/\/wp.babysarahshome.de\/?page_id=166"},"modified":"2016-06-03T16:22:35","modified_gmt":"2016-06-03T14:22:35","slug":"mithelfen-im-heim","status":"publish","type":"page","link":"https:\/\/www.babysarahshome.de\/?page_id=166","title":{"rendered":"Mithelfen im Heim"},"content":{"rendered":"<section id=\"builder-section-1464027297090\" class=\"builder-section  builder-section-first builder-section-banner builder-section-next-text\" style=\"\">\n<div class=\"builder-section-content cycle-slideshow\" data-cycle-log=\"false\" data-cycle-slides=\"div.builder-banner-slide\" data-cycle-swipe=\"true\" data-cycle-timeout=\"6000\" data-cycle-fx=\"scrollHorz\">\n<div class=\"builder-banner-slide content-position-none\" style=\"background-image: url(&#039;http:\/\/wp.babysarahshome.de\/wp-content\/uploads\/2016\/05\/volunteering-banner.jpg&#039;);\">\n<div class=\"builder-banner-content\">\n<div class=\"builder-banner-inner-content\">\n<h1><strong>\u00a0<\/strong><\/h1>\n<p>\u00a0<\/p>\n<\/p><\/div>\n<\/p><\/div>\n<\/p><\/div>\n<div class=\"builder-banner-slide content-position-none\" style=\"background-image: url(&#039;http:\/\/wp.babysarahshome.de\/wp-content\/uploads\/2016\/05\/kevin.jpg&#039;);\">\n<div class=\"builder-banner-content\">\n<div class=\"builder-banner-inner-content\">\n\t\t\t\t\t\t\t\t\t<\/div>\n<\/p><\/div>\n<\/p><\/div>\n<div class=\"builder-banner-slide content-position-none\" style=\"background-image: url(&#039;http:\/\/wp.babysarahshome.de\/wp-content\/uploads\/2016\/05\/olivia.jpg&#039;);\">\n<div class=\"builder-banner-content\">\n<div class=\"builder-banner-inner-content\">\n\t\t\t\t\t\t\t\t\t<\/div>\n<\/p><\/div>\n<\/p><\/div>\n<div class=\"cycle-prev\"><\/div>\n<div class=\"cycle-next\"><\/div>\n<div class=\"cycle-pager\"><\/div>\n<\/p><\/div>\n<\/section>\n<section id=\"builder-section-1464027449969\" class=\"builder-section builder-section-prev-banner builder-section-text builder-section-last builder-text-columns-3\" style=\"\">\n<div class=\"builder-section-content\">\n<div class=\"builder-text-column builder-text-column-1\" id=\"builder-section-1464027449969-column-1\">\n<div class=\"builder-text-content\">\n<h1><strong>Herzlich willkommen!<\/strong><\/h1>\n<p>Freiwillige Helfer k\u00f6nnen gerne f\u00fcr einige Zeit im Heim mitarbeiten. Sinnvoll daf\u00fcr ist ein Aufenthalt von mindestens ein bis zwei Monaten. Hilfreich &#8211; aber keine Voraussetzung &#8211; sind berufliche Erfahrungen in Bereichen wie Kinderpflege, Physiotherapie oder Behindertenarbeit. Das Heim kann bei Bedarf auch Zeugnisse f\u00fcr Auslandspraktika ausstellen. Allerdings kann das Heim f\u00fcr Praktikanten und Freiwillige nichts zahlen, sondern nur Essen und ggf. ein Zimmer im Heim bieten, wobei es erfahrungsgem\u00e4\u00df auf Dauer besser ist, sich ein eigenes Zimmer in der Stadt zu besorgen, weil man doch nach einem Tag mit den Kindern etwas Abstand braucht. Ein solches Zimmer kostet etwa 50 Euro im Monat.<\/p>\n<p>Was es im Heim alles zu tun gibt <a href=\"http:\/\/wp.babysarahshome.de\/wp-content\/uploads\/2016\/05\/Volunteer_jobs.pdf\" target=\"_blank\">steht hier.<br \/><\/a>Bei Interesse oder Fragen einfach melden.<\/p>\n<p><a href=\"http:\/\/wp.babysarahshome.de\/wp-content\/uploads\/2016\/05\/sergiu.jpg\"><img loading=\"lazy\" class=\"alignnone wp-image-189 size-medium\" src=\"http:\/\/wp.babysarahshome.de\/wp-content\/uploads\/2016\/05\/sergiu-300x200.jpg\" alt=\"sergiu\" width=\"300\" height=\"200\" srcset=\"https:\/\/www.babysarahshome.de\/wp-content\/uploads\/2016\/05\/sergiu-300x200.jpg 300w, https:\/\/www.babysarahshome.de\/wp-content\/uploads\/2016\/05\/sergiu-768x512.jpg 768w, https:\/\/www.babysarahshome.de\/wp-content\/uploads\/2016\/05\/sergiu.jpg 960w\" sizes=\"(max-width: 300px) 100vw, 300px\" \/><\/a><a href=\"http:\/\/wp.babysarahshome.de\/wp-content\/uploads\/2016\/05\/freiwillig6-1.jpg\"><img loading=\"lazy\" class=\"alignnone wp-image-191 size-medium\" src=\"http:\/\/wp.babysarahshome.de\/wp-content\/uploads\/2016\/05\/freiwillig6-1-300x200.jpg\" alt=\"freiwillig6\" width=\"300\" height=\"200\" srcset=\"https:\/\/www.babysarahshome.de\/wp-content\/uploads\/2016\/05\/freiwillig6-1-300x200.jpg 300w, https:\/\/www.babysarahshome.de\/wp-content\/uploads\/2016\/05\/freiwillig6-1-768x512.jpg 768w, https:\/\/www.babysarahshome.de\/wp-content\/uploads\/2016\/05\/freiwillig6-1-1024x683.jpg 1024w, https:\/\/www.babysarahshome.de\/wp-content\/uploads\/2016\/05\/freiwillig6-1.jpg 2048w\" sizes=\"(max-width: 300px) 100vw, 300px\" \/><\/a><\/p>\n<\/p><\/div>\n<\/p><\/div>\n<div class=\"builder-text-column builder-text-column-2\" id=\"builder-section-1464027449969-column-2\">\n<div class=\"builder-text-content\">\n<p><a href=\"http:\/\/wp.babysarahshome.de\/wp-content\/uploads\/2016\/05\/dustin-und-louisa.jpg\"><img loading=\"lazy\" class=\"alignnone wp-image-182 size-medium\" src=\"http:\/\/wp.babysarahshome.de\/wp-content\/uploads\/2016\/05\/dustin-und-louisa-199x300.jpg\" alt=\"dustin und louisa\" width=\"301\" height=\"455\" \/><\/a><a href=\"http:\/\/wp.babysarahshome.de\/wp-content\/uploads\/2016\/05\/jakob.jpg\"><img loading=\"lazy\" class=\"alignnone wp-image-185 size-medium\" src=\"http:\/\/wp.babysarahshome.de\/wp-content\/uploads\/2016\/05\/jakob-300x199.jpg\" alt=\"jakob\" width=\"300\" height=\"199\" srcset=\"https:\/\/www.babysarahshome.de\/wp-content\/uploads\/2016\/05\/jakob-300x199.jpg 300w, https:\/\/www.babysarahshome.de\/wp-content\/uploads\/2016\/05\/jakob-768x510.jpg 768w, https:\/\/www.babysarahshome.de\/wp-content\/uploads\/2016\/05\/jakob.jpg 960w\" sizes=\"(max-width: 300px) 100vw, 300px\" \/><\/a><a href=\"http:\/\/wp.babysarahshome.de\/wp-content\/uploads\/2016\/05\/sophia.jpg\"><img loading=\"lazy\" class=\"alignnone wp-image-187 size-medium\" src=\"http:\/\/wp.babysarahshome.de\/wp-content\/uploads\/2016\/05\/sophia-300x225.jpg\" alt=\"sophia\" width=\"300\" height=\"225\" srcset=\"https:\/\/www.babysarahshome.de\/wp-content\/uploads\/2016\/05\/sophia-300x225.jpg 300w, https:\/\/www.babysarahshome.de\/wp-content\/uploads\/2016\/05\/sophia-768x576.jpg 768w, https:\/\/www.babysarahshome.de\/wp-content\/uploads\/2016\/05\/sophia.jpg 960w\" sizes=\"(max-width: 300px) 100vw, 300px\" \/><\/a><a href=\"http:\/\/wp.babysarahshome.de\/wp-content\/uploads\/2016\/05\/krystztof.jpg\"><img loading=\"lazy\" class=\"alignnone wp-image-188 size-medium\" src=\"http:\/\/wp.babysarahshome.de\/wp-content\/uploads\/2016\/05\/krystztof-300x200.jpg\" alt=\"krystztof\" width=\"300\" height=\"200\" srcset=\"https:\/\/www.babysarahshome.de\/wp-content\/uploads\/2016\/05\/krystztof-300x200.jpg 300w, https:\/\/www.babysarahshome.de\/wp-content\/uploads\/2016\/05\/krystztof-768x512.jpg 768w, https:\/\/www.babysarahshome.de\/wp-content\/uploads\/2016\/05\/krystztof.jpg 960w\" sizes=\"(max-width: 300px) 100vw, 300px\" \/><\/a><a href=\"http:\/\/wp.babysarahshome.de\/wp-content\/uploads\/2016\/05\/freiwillig4-1.jpg\"><img loading=\"lazy\" class=\"alignnone wp-image-193 size-medium\" src=\"http:\/\/wp.babysarahshome.de\/wp-content\/uploads\/2016\/05\/freiwillig4-1-300x199.jpg\" alt=\"freiwillig4\" width=\"300\" height=\"199\" srcset=\"https:\/\/www.babysarahshome.de\/wp-content\/uploads\/2016\/05\/freiwillig4-1-300x199.jpg 300w, https:\/\/www.babysarahshome.de\/wp-content\/uploads\/2016\/05\/freiwillig4-1-768x510.jpg 768w, https:\/\/www.babysarahshome.de\/wp-content\/uploads\/2016\/05\/freiwillig4-1-1024x681.jpg 1024w, https:\/\/www.babysarahshome.de\/wp-content\/uploads\/2016\/05\/freiwillig4-1.jpg 2048w\" sizes=\"(max-width: 300px) 100vw, 300px\" \/><\/a><\/p>\n<\/p><\/div>\n<\/p><\/div>\n<div class=\"builder-text-column builder-text-column-3\" id=\"builder-section-1464027449969-column-3\">\n<div class=\"builder-text-content\">\n<p><a href=\"http:\/\/wp.babysarahshome.de\/wp-content\/uploads\/2016\/05\/freiwillig1.jpg\"><img loading=\"lazy\" class=\"alignleft wp-image-143 size-medium\" src=\"http:\/\/wp.babysarahshome.de\/wp-content\/uploads\/2016\/05\/freiwillig1-300x207.jpg\" alt=\"freiwillig1\" width=\"300\" height=\"207\" srcset=\"https:\/\/www.babysarahshome.de\/wp-content\/uploads\/2016\/05\/freiwillig1-300x207.jpg 300w, https:\/\/www.babysarahshome.de\/wp-content\/uploads\/2016\/05\/freiwillig1-768x529.jpg 768w, https:\/\/www.babysarahshome.de\/wp-content\/uploads\/2016\/05\/freiwillig1-1024x706.jpg 1024w, https:\/\/www.babysarahshome.de\/wp-content\/uploads\/2016\/05\/freiwillig1.jpg 2048w\" sizes=\"(max-width: 300px) 100vw, 300px\" \/><\/a>Die vielen Freiwilligen aus aller Herren L\u00e4nder, die seit Jahren im Baby Sarah&#8217;s Home mitarbeiten, sind etwas ganz Besonderes. Sie tragen mit ihrer Arbeit wesentlich zum Erfolg des Heims bei und bringen es mit ihren Projekten immer wieder voran.\u00a0 Die Solaranlage, den Dachgarten, das M\u00fcllrecycling und vieles mehr h\u00e4tte es ohne ihr Engagement nie gegeben. Umgekehrt bescheren die Kinder ihren Helfern unvergessliche Momente, wie drei von ihnen hier berichten:<\/p>\n<p class=\"bodytext\">Max Hering war im Herbst 2014 drei Monate lang im Heim und hat in der Schule mitgearbeitet. <a class=\"download\" title=\"Initiates file download\" href=\"http:\/\/wp.babysarahshome.de\/wp-content\/uploads\/2016\/05\/Als_Freiwilliger_im_Baby_Sarah.pdf\" target=\"_blank\">Hier ist sein Bericht.<\/a><\/p>\n<p class=\"bodytext\">Luisa Rott war im Dezember 2014 und Januar 2015 im Heim und will am liebsten wieder hin. Ein<a class=\"download\" title=\"Initiates file download\" href=\"http:\/\/wp.babysarahshome.de\/wp-content\/uploads\/2016\/05\/tagblatt_luisa_01.jpg\" target=\"_blank\"> Bericht \u00fcber ihren Einsatz<\/a> erschien am 4. Februar 2015 im Murnauer Tagblatt.<\/p>\n<p class=\"bodytext\">Dustin Lichey arbeitete von August 2014 bis Juli 2015 im Heim mit. in seinem Blog<a class=\"external-link-new-window\" title=\"Opens external link in new window\" href=\"http:\/\/dustination-india.blogspot.de\/\" target=\"_blank\"> Dustination India<\/a> hat er seine Erfahrungen im Heim ausf\u00fchrlich beschrieben.<\/p>\n<p class=\"bodytext\">\u00a0<a href=\"http:\/\/wp.babysarahshome.de\/wp-content\/uploads\/2016\/05\/freiwillig7.jpg\"><img loading=\"lazy\" class=\"alignright wp-image-152 size-medium\" src=\"http:\/\/wp.babysarahshome.de\/wp-content\/uploads\/2016\/05\/freiwillig7-300x200.jpg\" alt=\"freiwillig7\" width=\"300\" height=\"200\" srcset=\"https:\/\/www.babysarahshome.de\/wp-content\/uploads\/2016\/05\/freiwillig7-300x200.jpg 300w, https:\/\/www.babysarahshome.de\/wp-content\/uploads\/2016\/05\/freiwillig7-768x511.jpg 768w, https:\/\/www.babysarahshome.de\/wp-content\/uploads\/2016\/05\/freiwillig7.jpg 960w\" sizes=\"(max-width: 300px) 100vw, 300px\" \/><\/a><\/p>\n<\/p><\/div>\n<\/p><\/div>\n<\/p><\/div>\n<\/section>\n","protected":false},"excerpt":{"rendered":"<p>\u00a0 \u00a0 Herzlich willkommen! Freiwillige Helfer k\u00f6nnen gerne f\u00fcr einige Zeit im Heim mitarbeiten. Sinnvoll daf\u00fcr ist ein Aufenthalt von mindestens ein bis zwei Monaten. Hilfreich &#8211; aber keine Voraussetzung &#8211; sind berufliche Erfahrungen in Bereichen wie Kinderpflege, Physiotherapie oder Behindertenarbeit. Das Heim kann bei Bedarf auch Zeugnisse f\u00fcr Auslandspraktika ausstellen. Allerdings kann das Heim &hellip;<\/p>\n","protected":false},"author":1,"featured_media":0,"parent":0,"menu_order":0,"comment_status":"closed","ping_status":"closed","template":"template-builder.php","meta":[],"post_mailing_queue_ids":[],"_links":{"self":[{"href":"https:\/\/www.babysarahshome.de\/index.php?rest_route=\/wp\/v2\/pages\/166"}],"collection":[{"href":"https:\/\/www.babysarahshome.de\/index.php?rest_route=\/wp\/v2\/pages"}],"about":[{"href":"https:\/\/www.babysarahshome.de\/index.php?rest_route=\/wp\/v2\/types\/page"}],"author":[{"embeddable":true,"href":"https:\/\/www.babysarahshome.de\/index.php?rest_route=\/wp\/v2\/users\/1"}],"replies":[{"embeddable":true,"href":"https:\/\/www.babysarahshome.de\/index.php?rest_route=%2Fwp%2Fv2%2Fcomments&post=166"}],"version-history":[{"count":13,"href":"https:\/\/www.babysarahshome.de\/index.php?rest_route=\/wp\/v2\/pages\/166\/revisions"}],"predecessor-version":[{"id":280,"href":"https:\/\/www.babysarahshome.de\/index.php?rest_route=\/wp\/v2\/pages\/166\/revisions\/280"}],"wp:attachment":[{"href":"https:\/\/www.babysarahshome.de\/index.php?rest_route=%2Fwp%2Fv2%2Fmedia&parent=166"}],"curies":[{"name":"wp","href":"https:\/\/api.w.org\/{rel}","templated":true}]}}