{"id":208,"date":"2016-05-31T18:50:21","date_gmt":"2016-05-31T16:50:21","guid":{"rendered":"http:\/\/wp.babysarahshome.de\/?page_id=208"},"modified":"2017-02-02T19:18:05","modified_gmt":"2017-02-02T18:18:05","slug":"sristi-village","status":"publish","type":"page","link":"https:\/\/www.babysarahshome.de\/?page_id=208","title":{"rendered":"Sristi Village"},"content":{"rendered":"<section id=\"builder-section-1464708491831\" class=\"builder-section  builder-section-first builder-section-banner builder-section-next-text\" style=\"\">\n<div class=\"builder-section-content cycle-slideshow\" data-cycle-log=\"false\" data-cycle-slides=\"div.builder-banner-slide\" data-cycle-swipe=\"true\" data-cycle-timeout=\"6000\" data-cycle-fx=\"scrollHorz\">\n<div class=\"builder-banner-slide content-position-none\" style=\"background-image: url(&#039;http:\/\/www.babysarahshome.de\/wp-content\/uploads\/2016\/05\/leute4.jpg&#039;);\">\n<div class=\"builder-banner-content\">\n<div class=\"builder-banner-inner-content\">\n\t\t\t\t\t\t\t\t\t<\/div>\n<\/p><\/div>\n<\/p><\/div>\n<div class=\"builder-banner-slide content-position-none\" style=\"background-image: url(&#039;http:\/\/www.babysarahshome.de\/wp-content\/uploads\/2016\/05\/schild-sristi-mit-schrift.jpg&#039;);\">\n<div class=\"builder-banner-content\">\n<div class=\"builder-banner-inner-content\">\n\t\t\t\t\t\t\t\t\t<\/div>\n<\/p><\/div>\n<\/p><\/div>\n<div class=\"cycle-prev\"><\/div>\n<div class=\"cycle-next\"><\/div>\n<div class=\"cycle-pager\"><\/div>\n<\/p><\/div>\n<\/section>\n<section id=\"builder-section-1464705783983\" class=\"builder-section builder-section-prev-banner builder-section-text builder-section-last builder-text-columns-3\" style=\"\">\n<div class=\"builder-section-content\">\n<div class=\"builder-text-column builder-text-column-1\" id=\"builder-section-1464705783983-column-1\">\n<figure class=\"builder-text-image\">\n\t\t\t\t<a href=\"http:\/\/wp.babysarahshome.de\/wp-content\/uploads\/2016\/05\/karthik.jpg\"><img loading=\"lazy\" width=\"480\" height=\"488\" src=\"http:\/\/www.babysarahshome.de\/wp-content\/uploads\/2016\/05\/karthik.jpg\" class=\"attachment-large size-large\" alt=\"karthik\" srcset=\"http:\/\/www.babysarahshome.de\/wp-content\/uploads\/2016\/05\/karthik.jpg 480w, http:\/\/www.babysarahshome.de\/wp-content\/uploads\/2016\/05\/karthik-295x300.jpg 295w\" sizes=\"(max-width: 480px) 100vw, 480px\" \/><\/a>\t\t\t<\/figure>\n<div class=\"builder-text-content\">\n<h1>Der Gr\u00fcnder<\/h1>\n<p style=\"text-align: justify;\">Unser Freund Karthik hat mehr als zehn Jahre lang das Baby Sarah&#8217;s Home geleitet. In dieser Zeit wurden aus den ersten behinderten Kindern junge Erwachsene. Es erwies sich als unm\u00f6glich, sie trotz ihrer F\u00e4higkeiten und guter Kontakte in der freien Wirtschaft unterzubringen. Die Arbeitgeber hatten nicht die Geduld, die notwendig w\u00e4re, um die Behinderten vern\u00fcnftig in ihren Betriebsalltag zu integrieren.\u00a0 Aus den positiven Erfahrungen, die Karthik im Heim mit dem von den Kindern betreuten K\u00fcchengarten gemacht hatte, entwickelte er die Idee f\u00fcr Sristi Village &#8211; eine nachhaltig und \u00f6kologisch lebende Dorfgemeinschaft f\u00fcr Menschen mit und ohne Handicap.<\/p>\n<p style=\"text-align: justify;\">Ende 2013 zog Karthik in das kleine Dorf Thazuthali, wo er vier Hektar Land kaufen konnte. Dort entsteht seither H\u00fctte f\u00fcr H\u00fctte die Lebensgemeinschaft, die er sich ertr\u00e4umt hat. Ein gutes Dutzend Erwachsener leben inzwischen dort und betreiben Landwirtschaft. Dazu gibt es eine kleine F\u00f6rderschule f\u00fcr die behinderten Kinder der Umgebung.<\/p>\n<p style=\"text-align: justify;\"><a href=\"http:\/\/wp.babysarahshome.de\/wp-content\/uploads\/2016\/05\/kuh2.jpg\"><img loading=\"lazy\" class=\"aligncenter wp-image-225 size-medium\" src=\"http:\/\/wp.babysarahshome.de\/wp-content\/uploads\/2016\/05\/kuh2-300x200.jpg\" alt=\"kuh2\" width=\"300\" height=\"200\" srcset=\"https:\/\/www.babysarahshome.de\/wp-content\/uploads\/2016\/05\/kuh2-300x200.jpg 300w, https:\/\/www.babysarahshome.de\/wp-content\/uploads\/2016\/05\/kuh2-768x512.jpg 768w, https:\/\/www.babysarahshome.de\/wp-content\/uploads\/2016\/05\/kuh2-1024x682.jpg 1024w, https:\/\/www.babysarahshome.de\/wp-content\/uploads\/2016\/05\/kuh2.jpg 2048w\" sizes=\"(max-width: 300px) 100vw, 300px\" \/><\/a> <a href=\"http:\/\/wp.babysarahshome.de\/wp-content\/uploads\/2016\/05\/h\u00fctte-fertig-ausschnitt.jpg\"><img loading=\"lazy\" class=\"aligncenter wp-image-224 size-medium\" src=\"http:\/\/wp.babysarahshome.de\/wp-content\/uploads\/2016\/05\/h\u00fctte-fertig-ausschnitt-300x178.jpg\" alt=\"h\u00fctte fertig ausschnitt\" width=\"300\" height=\"178\" srcset=\"https:\/\/www.babysarahshome.de\/wp-content\/uploads\/2016\/05\/h\u00fctte-fertig-ausschnitt-300x178.jpg 300w, https:\/\/www.babysarahshome.de\/wp-content\/uploads\/2016\/05\/h\u00fctte-fertig-ausschnitt-768x454.jpg 768w, https:\/\/www.babysarahshome.de\/wp-content\/uploads\/2016\/05\/h\u00fctte-fertig-ausschnitt.jpg 970w\" sizes=\"(max-width: 300px) 100vw, 300px\" \/><\/a>\u00a0<\/p>\n<h1>\u00a0<\/h1>\n<p>\u00a0<\/p>\n<p>\u00a0<\/p>\n<\/p><\/div>\n<\/p><\/div>\n<div class=\"builder-text-column builder-text-column-2\" id=\"builder-section-1464705783983-column-2\">\n<div class=\"builder-text-content\">\n<h1 class=\"csc-firstHeader\">Die Idee<\/h1>\n<p style=\"text-align: justify;\"><span style=\"color: #333399;\">Aus Kindern mit Behinderungen werden Erwachsene &#8211; und deren Alltag sieht in Indien tr\u00fcbe aus. Sie werden von ihren Familien weggesperrt, verbringen die Tage ohne gro\u00dfe Ansprache im Haus und werden weder gef\u00f6rdert noch gefordert. Kurz: Geistig behinderte Menschen sind in Indien weitgehend von der Gesellschaft ausgeschlossen. Sie werden, wenn \u00fcberhaupt, als Hilfsbed\u00fcrftige wahrgenommen und nicht als Mitmenschen mit gleichen Rechten.<\/span><\/p>\n<div style=\"text-align: justify;\" data-canvas-width=\"389.8829275143986\"><span style=\"color: #333399;\">Hier setzt Sristi Village an. Seit 2014 entsteht 30 Kilometer nordwestlich der s\u00fcdindischen Stadt Pondicherry eine d\u00f6rfliche Lebensgemeinschaft , in der Menschen mit und ohne Handicap gleichberechtigt zusammenleben. Ihr Ziel ist es, sich mit \u00f6kologischer Landwirtschaft selbst zu versorgen und \u00dcbersch\u00fcsse zu vermarkten. Die Bewohner sollen ihren F\u00e4higkeiten entsprechend weiter ausgebildet werden, so dass sie mit diversen handwerklichen T\u00e4tigkeiten zum Gedeihen der Gemeinschaft beitragen k\u00f6nnen. Es ist ein f\u00fcr Indien einmaliges Modell, das hoffentlich viele Nachahmer findet.<br \/>Unser Verein Kinderlachen unterst\u00fctzt Sristi Village von Anfang an und wir freuen uns \u00fcber jede Spende. Bitte geben Sie als Verwendungszweck immer \u201aSristi Village\u2018 mit an.<\/span><\/p>\n<div style=\"text-align: justify;\" data-canvas-width=\"192.65196767733045\"><span style=\"color: #333399;\"><a href=\"http:\/\/wp.babysarahshome.de\/wp-content\/uploads\/2016\/05\/karthikhirse.jpg\"><img loading=\"lazy\" class=\"aligncenter wp-image-214 size-medium\" src=\"http:\/\/wp.babysarahshome.de\/wp-content\/uploads\/2016\/05\/karthikhirse-300x225.jpg\" alt=\"karthikhirse\" width=\"300\" height=\"225\" srcset=\"https:\/\/www.babysarahshome.de\/wp-content\/uploads\/2016\/05\/karthikhirse-300x225.jpg 300w, https:\/\/www.babysarahshome.de\/wp-content\/uploads\/2016\/05\/karthikhirse-768x576.jpg 768w, https:\/\/www.babysarahshome.de\/wp-content\/uploads\/2016\/05\/karthikhirse-1024x768.jpg 1024w, https:\/\/www.babysarahshome.de\/wp-content\/uploads\/2016\/05\/karthikhirse.jpg 2048w\" sizes=\"(max-width: 300px) 100vw, 300px\" \/><\/a><a href=\"http:\/\/wp.babysarahshome.de\/wp-content\/uploads\/2016\/05\/ernte1.jpg\"><img loading=\"lazy\" class=\"aligncenter wp-image-222 size-medium\" src=\"http:\/\/wp.babysarahshome.de\/wp-content\/uploads\/2016\/05\/ernte1-300x225.jpg\" alt=\"ernte1\" width=\"300\" height=\"225\" srcset=\"https:\/\/www.babysarahshome.de\/wp-content\/uploads\/2016\/05\/ernte1-300x225.jpg 300w, https:\/\/www.babysarahshome.de\/wp-content\/uploads\/2016\/05\/ernte1-768x576.jpg 768w, https:\/\/www.babysarahshome.de\/wp-content\/uploads\/2016\/05\/ernte1.jpg 1024w\" sizes=\"(max-width: 300px) 100vw, 300px\" \/><\/a><\/span><\/div>\n<div style=\"text-align: justify;\" data-canvas-width=\"192.65196767733045\">\u00a0<\/div>\n<\/div><\/div>\n<\/p><\/div>\n<div class=\"builder-text-column builder-text-column-3\" id=\"builder-section-1464705783983-column-3\">\n<figure class=\"builder-text-image\">\n\t\t\t\t<a href=\"http:\/\/wp.babysarahshome.de\/wp-content\/uploads\/2016\/05\/IMG_5282.jpg\"><img loading=\"lazy\" width=\"1024\" height=\"681\" src=\"http:\/\/www.babysarahshome.de\/wp-content\/uploads\/2016\/05\/IMG_5282-1024x681.jpg\" class=\"attachment-large size-large\" alt=\"Sendhil\" srcset=\"http:\/\/www.babysarahshome.de\/wp-content\/uploads\/2016\/05\/IMG_5282-1024x681.jpg 1024w, http:\/\/www.babysarahshome.de\/wp-content\/uploads\/2016\/05\/IMG_5282-300x200.jpg 300w, http:\/\/www.babysarahshome.de\/wp-content\/uploads\/2016\/05\/IMG_5282-768x511.jpg 768w, http:\/\/www.babysarahshome.de\/wp-content\/uploads\/2016\/05\/IMG_5282.jpg 1600w\" sizes=\"(max-width: 1024px) 100vw, 1024px\" \/><\/a>\t\t\t<\/figure>\n<div class=\"builder-text-content\">\n<h1>In Kontakt bleiben<\/h1>\n<p style=\"text-align: justify;\">Sristi Village w\u00e4chst kontinuierlich und die Neuigkeiten kommen im Wochenrhythmus. Am besten <a href=\"https:\/\/www.facebook.com\/sristifoundation\/timeline\" target=\"_blank\">folgt man dem Projekt auf Facebook <\/a>oder bestellt sich auf der <a href=\"http:\/\/www.sristivillage.org\/\" target=\"_blank\">Webseite der Sristi Foundation<\/a> den Newsletter, der etwa alle vier Monate erscheint. Hier sind die <a href=\"http:\/\/wp.babysarahshome.de\/wp-content\/uploads\/2016\/05\/Sristi-7th-Newsletter-May-2016.pdf\" target=\"_blank\">Letter vom Mai 2016<\/a> und vom<a href=\"http:\/\/www.babysarahshome.de\/wp-content\/uploads\/2017\/01\/Sristi-Village-Newsletter8.pdf\" target=\"_blank\"> November 2016.<\/a><\/p>\n<p style=\"text-align: justify;\">Wer in Sristi Village mithelfen will, ist dort herzlich willkommen. Es arbeiten st\u00e4ndig einige Freiwillige aus westlichen L\u00e4ndern dort und fast jedes Wochenende kommen indische Organisationen zur Unterst\u00fctzung.<\/p>\n<p style=\"text-align: justify;\">Und einige bewegte Bilder gibt es auf dem <a href=\"https:\/\/www.youtube.com\/channel\/UCRDOj_VyglndcSTt5KWoO0A\" target=\"_blank\">Youtube-Kanal von Sristi Village<\/a>.<\/p>\n<p style=\"text-align: justify;\">\u00a0<\/p>\n<p style=\"text-align: justify;\"><a href=\"http:\/\/wp.babysarahshome.de\/wp-content\/uploads\/2016\/05\/weben2.jpg\"><img loading=\"lazy\" class=\"aligncenter wp-image-233 size-medium\" src=\"http:\/\/wp.babysarahshome.de\/wp-content\/uploads\/2016\/05\/weben2-300x200.jpg\" alt=\"weben2\" width=\"300\" height=\"200\" srcset=\"https:\/\/www.babysarahshome.de\/wp-content\/uploads\/2016\/05\/weben2-300x200.jpg 300w, https:\/\/www.babysarahshome.de\/wp-content\/uploads\/2016\/05\/weben2-768x512.jpg 768w, https:\/\/www.babysarahshome.de\/wp-content\/uploads\/2016\/05\/weben2.jpg 960w\" sizes=\"(max-width: 300px) 100vw, 300px\" \/><\/a><a href=\"http:\/\/wp.babysarahshome.de\/wp-content\/uploads\/2016\/05\/sristi-bau-h\u00fctte2.jpg\"><img loading=\"lazy\" class=\"aligncenter wp-image-249 size-medium\" src=\"http:\/\/wp.babysarahshome.de\/wp-content\/uploads\/2016\/05\/sristi-bau-h\u00fctte2-300x169.jpg\" alt=\"sristi bau h\u00fctte2\" width=\"300\" height=\"169\" srcset=\"https:\/\/www.babysarahshome.de\/wp-content\/uploads\/2016\/05\/sristi-bau-h\u00fctte2-300x169.jpg 300w, https:\/\/www.babysarahshome.de\/wp-content\/uploads\/2016\/05\/sristi-bau-h\u00fctte2-768x432.jpg 768w, https:\/\/www.babysarahshome.de\/wp-content\/uploads\/2016\/05\/sristi-bau-h\u00fctte2-1024x576.jpg 1024w, https:\/\/www.babysarahshome.de\/wp-content\/uploads\/2016\/05\/sristi-bau-h\u00fctte2.jpg 1032w\" sizes=\"(max-width: 300px) 100vw, 300px\" \/><\/a> <a href=\"http:\/\/wp.babysarahshome.de\/wp-content\/uploads\/2016\/05\/leute-3.jpg\"><img loading=\"lazy\" class=\"aligncenter wp-image-234 size-medium\" src=\"http:\/\/wp.babysarahshome.de\/wp-content\/uploads\/2016\/05\/leute-3-300x225.jpg\" alt=\"leute 3\" width=\"300\" height=\"225\" srcset=\"https:\/\/www.babysarahshome.de\/wp-content\/uploads\/2016\/05\/leute-3-300x225.jpg 300w, https:\/\/www.babysarahshome.de\/wp-content\/uploads\/2016\/05\/leute-3.jpg 640w\" sizes=\"(max-width: 300px) 100vw, 300px\" \/><\/a><\/p>\n<p style=\"text-align: justify;\">\u00a0<\/p>\n<p>\u00a0<\/p>\n<\/p><\/div>\n<\/p><\/div>\n<\/p><\/div>\n<\/section>\n","protected":false},"excerpt":{"rendered":"<p>Der Gr\u00fcnder Unser Freund Karthik hat mehr als zehn Jahre lang das Baby Sarah&#8217;s Home geleitet. In dieser Zeit wurden aus den ersten behinderten Kindern junge Erwachsene. Es erwies sich als unm\u00f6glich, sie trotz ihrer F\u00e4higkeiten und guter Kontakte in der freien Wirtschaft unterzubringen. Die Arbeitgeber hatten nicht die Geduld, die notwendig w\u00e4re, um die &hellip;<\/p>\n","protected":false},"author":1,"featured_media":0,"parent":0,"menu_order":0,"comment_status":"closed","ping_status":"closed","template":"template-builder.php","meta":[],"post_mailing_queue_ids":[],"_links":{"self":[{"href":"https:\/\/www.babysarahshome.de\/index.php?rest_route=\/wp\/v2\/pages\/208"}],"collection":[{"href":"https:\/\/www.babysarahshome.de\/index.php?rest_route=\/wp\/v2\/pages"}],"about":[{"href":"https:\/\/www.babysarahshome.de\/index.php?rest_route=\/wp\/v2\/types\/page"}],"author":[{"embeddable":true,"href":"https:\/\/www.babysarahshome.de\/index.php?rest_route=\/wp\/v2\/users\/1"}],"replies":[{"embeddable":true,"href":"https:\/\/www.babysarahshome.de\/index.php?rest_route=%2Fwp%2Fv2%2Fcomments&post=208"}],"version-history":[{"count":17,"href":"https:\/\/www.babysarahshome.de\/index.php?rest_route=\/wp\/v2\/pages\/208\/revisions"}],"predecessor-version":[{"id":379,"href":"https:\/\/www.babysarahshome.de\/index.php?rest_route=\/wp\/v2\/pages\/208\/revisions\/379"}],"wp:attachment":[{"href":"https:\/\/www.babysarahshome.de\/index.php?rest_route=%2Fwp%2Fv2%2Fmedia&parent=208"}],"curies":[{"name":"wp","href":"https:\/\/api.w.org\/{rel}","templated":true}]}}