{"id":252,"date":"2016-05-31T19:29:40","date_gmt":"2016-05-31T17:29:40","guid":{"rendered":"http:\/\/wp.babysarahshome.de\/?page_id=252"},"modified":"2017-02-02T19:05:44","modified_gmt":"2017-02-02T18:05:44","slug":"impressum","status":"publish","type":"page","link":"https:\/\/www.babysarahshome.de\/?page_id=252","title":{"rendered":"Impressum"},"content":{"rendered":"<div class=\"csc-header csc-header-n1\">\n<h2 class=\"csc-firstHeader\">Impressum<\/h2>\n<\/div>\n<p class=\"bodytext\">Verantwortlich f\u00fcr den Inhalt der Internetseite:<\/p>\n<p class=\"bodytext\">Verein Kinderlachen<br \/>\nc\/o Familie Poczka<br \/>\nAm Eichholz 6, 82418 Murnau<br \/>\n1. Vorstand: Leo Fr\u00fchsch\u00fctz, Sulzbrunn 1, 87477 Sulzberg<br \/>\nTel. 08376\/-9760742<br \/>\n<a>l.fruehschuetz(at)gaponline.de<\/a><\/p>\n<p class=\"bodytext\"><b>Haftungsausschluss<br \/>\n<\/b>Wir haben die aufgef\u00fchrten Inhalte mit gro\u00dfer Sorgfalt zusammengestellt<br \/>\nund gepr\u00fcft. Allerdings \u00fcbernehmen wir keine Gew\u00e4hr f\u00fcr die Voll-<br \/>\nst\u00e4ndigkeit, Richtigkeit oder Aktualit\u00e4t.<br \/>\nDer Verein Kinderlachen \u00fcbernimmt keine Verantwortung f\u00fcr die Inhalte<br \/>\nvon Websites, die \u00fcber Links dieses Portals erreicht werden.<br \/>\nDie Links werden bei der Aufnahme nur provisorisch angesehen und<br \/>\nbewertet. Eine kontinuierliche Pr\u00fcfung der Inhalte ist weder<br \/>\nbeabsichtigt noch m\u00f6glich.<\/p>\n<p class=\"bodytext\">Der Verein Kinderlachen distanziert sich ausdr\u00fccklich von allen<br \/>\nInhalten, die m\u00f6glicherweise straf- oder haftungsrechtlich relevant<br \/>\nsind oder gegen die guten Sitten versto\u00dfen.<\/p>\n<p class=\"bodytext\"><b>Bildrechte<br \/>\n<\/b>Eine Vervielf\u00e4ltigung oder Verwendung der Bilder aus dem Internet-<br \/>\ninformationsangebot des Vereins Kinderlachen in anderen<br \/>\nelektronischen oder gedruckten Publikationen ist ohne ausdr\u00fcckliche<br \/>\nEinwilligung des Vereins Kinderlachen nicht gestattet.<br \/>\nBitte richten Sie Ihre diesbez\u00fcglichen Anfragen an<br \/>\ndie oben angegebene Adresse<\/p>\n<p class=\"bodytext\">Realisierung, Programmierung &amp; Support<br \/>\n<a class=\"external-link-new-window\" title=\"Opens external link in new window\" href=\"http:\/\/www.agitos.de\/\" target=\"_blank\">Agitos Technologies<br \/>\nAgitos Websolutions<\/a><\/p>\n<p class=\"bodytext\"><b>Fotos<\/b> by G. Kartikeyan, J. Stephenraj, Leo Fr\u00fchsch\u00fctz<\/p>\n","protected":false},"excerpt":{"rendered":"<p>Impressum Verantwortlich f\u00fcr den Inhalt der Internetseite: Verein Kinderlachen c\/o Familie Poczka Am Eichholz 6, 82418 Murnau 1. Vorstand: Leo Fr\u00fchsch\u00fctz, Sulzbrunn 1, 87477 Sulzberg Tel. 08376\/-9760742 l.fruehschuetz(at)gaponline.de Haftungsausschluss Wir haben die aufgef\u00fchrten Inhalte mit gro\u00dfer Sorgfalt zusammengestellt und gepr\u00fcft. Allerdings \u00fcbernehmen wir keine Gew\u00e4hr f\u00fcr die Voll- st\u00e4ndigkeit, Richtigkeit oder Aktualit\u00e4t. Der Verein Kinderlachen &hellip;<\/p>\n","protected":false},"author":1,"featured_media":0,"parent":0,"menu_order":0,"comment_status":"closed","ping_status":"closed","template":"","meta":[],"post_mailing_queue_ids":[],"_links":{"self":[{"href":"https:\/\/www.babysarahshome.de\/index.php?rest_route=\/wp\/v2\/pages\/252"}],"collection":[{"href":"https:\/\/www.babysarahshome.de\/index.php?rest_route=\/wp\/v2\/pages"}],"about":[{"href":"https:\/\/www.babysarahshome.de\/index.php?rest_route=\/wp\/v2\/types\/page"}],"author":[{"embeddable":true,"href":"https:\/\/www.babysarahshome.de\/index.php?rest_route=\/wp\/v2\/users\/1"}],"replies":[{"embeddable":true,"href":"https:\/\/www.babysarahshome.de\/index.php?rest_route=%2Fwp%2Fv2%2Fcomments&post=252"}],"version-history":[{"count":3,"href":"https:\/\/www.babysarahshome.de\/index.php?rest_route=\/wp\/v2\/pages\/252\/revisions"}],"predecessor-version":[{"id":374,"href":"https:\/\/www.babysarahshome.de\/index.php?rest_route=\/wp\/v2\/pages\/252\/revisions\/374"}],"wp:attachment":[{"href":"https:\/\/www.babysarahshome.de\/index.php?rest_route=%2Fwp%2Fv2%2Fmedia&parent=252"}],"curies":[{"name":"wp","href":"https:\/\/api.w.org\/{rel}","templated":true}]}}