{"id":61,"date":"2016-05-09T19:35:44","date_gmt":"2016-05-09T17:35:44","guid":{"rendered":"http:\/\/wp.babysarahshome.de\/?page_id=61"},"modified":"2017-02-02T19:11:00","modified_gmt":"2017-02-02T18:11:00","slug":"der-verein","status":"publish","type":"page","link":"https:\/\/www.babysarahshome.de\/?page_id=61","title":{"rendered":"Der Verein"},"content":{"rendered":"<div id=\"c344\" class=\"csc-default\">\n<div class=\"csc-header csc-header-n1\">\n<h2 class=\"csc-firstHeader\">Der Verein Kinderlachen<\/h2>\n<\/div>\n<p class=\"bodytext\"><img loading=\"lazy\" class=\"wp-image-6 alignright\" src=\"http:\/\/wp.babysarahshome.de\/wp-content\/uploads\/2016\/05\/logo-kinderlachen-pur-300x297.jpg\" alt=\"logo kinderlachen pur\" width=\"276\" height=\"273\" \/>Wir &#8211; Leo Fr\u00fchsch\u00fctz und Brigitte Holzbauer\u00a0 &#8211; haben den Verein Kinderlachen zusammen mit einigen Freunden im Oktober 2000 gegr\u00fcndet. Sein Ziel ist es, Paten und Unterst\u00fctzer f\u00fcr das Baby Sarah&#8217;s Home zu finden und so den Erhalt des Heims zu sichern. Der Verein ist vom Finanzamt Garmisch-Partenkichen als gemeinn\u00fctzig anerkannt.<\/p>\n<p class=\"bodytext\"><b><i>So arbeiten wir:<\/i><\/b> Mit Info- und Verkaufsst\u00e4nden, Vortr\u00e4gen und Benefiz-Aktionen werben wir f\u00fcr das Heim und versuchen Gelder aufzutreiben. Wir haben zahlreiche Paten und Unterst\u00fctzer gefunden, die uns regelm\u00e4\u00dfig Geld spenden. Kinderg\u00e4rten, Schulen, Vereine und viele Einzelpersonen haben uns immer wieder mit Aktionen unterst\u00fctzt. Die eingenommenen Gelder \u00fcberweisen wir monatlich an das Heim. Die \u00dcberweisungsgeb\u00fchren sind die einzigen Unkosten, die anfallen. Alle Arbeiten\u00a0erledigen wir ehrenamtlich und finanzieren sie\u00a0aus der eigenen Kasse. Jeden Januar und August erhalten alle Unterst\u00fctzer von uns einen Brief, indem wir sie \u00fcber die aktuellen Ereignisse im Heim informieren. Den Rundbrief vom Januar 2016 <a href=\"http:\/\/wp.babysarahshome.de\/wp-content\/uploads\/2016\/06\/brf-paten-01-16.pdf\" target=\"_blank\">k\u00f6nnen Sie hier lesen<\/a>. Wir selbst halten st\u00e4ndigen Kontakt mit dem Heim und besuchen es im Schnitt alle zwei Jahre.<\/p>\n<\/div>\n<div id=\"c345\" class=\"csc-default\">\n<div class=\"csc-header csc-header-n2\">\n<h2><a href=\"http:\/\/wp.babysarahshome.de\/wp-content\/uploads\/2016\/05\/Zu-Besuch-im-Heim-2015.jpg\"><img loading=\"lazy\" class=\"alignleft wp-image-63\" src=\"http:\/\/wp.babysarahshome.de\/wp-content\/uploads\/2016\/05\/Zu-Besuch-im-Heim-2015-300x200.jpg\" alt=\"Zu Besuch im Heim 2015\" width=\"420\" height=\"280\" srcset=\"https:\/\/www.babysarahshome.de\/wp-content\/uploads\/2016\/05\/Zu-Besuch-im-Heim-2015-300x200.jpg 300w, https:\/\/www.babysarahshome.de\/wp-content\/uploads\/2016\/05\/Zu-Besuch-im-Heim-2015.jpg 593w\" sizes=\"(max-width: 420px) 100vw, 420px\" \/><\/a>Das sind wir<\/h2>\n<\/div>\n<div class=\"csc-textpic csc-textpic-intext-right\">\n<div class=\"csc-textpic-text\">\n<p class=\"bodytext\">Wir <b><i>&#8211; Leo Fr\u00fchsch\u00fctz und Brigitte Holzbauer &#8211;<\/i><\/b> lebten mit unserer j\u00fcngsten Tochter Johanna bisher in Seehausen am Staffelsee und sind im August 2016 in eine Lebensgemeinschaft ins Allg\u00e4u gezogen. Leo betreibt dort sein B\u00fcro als freier Journalist und schreibt vor allem \u00fcber \u00f6kologische Themen. Brigitte arbeitet in der K\u00fcche des Seminarhauses Sulzbrunn mit und managt die Familie. Die beiden \u00e4lteren T\u00f6chter Sarah und Sophie haben sich selbst\u00e4ndig gemacht.<br \/>\nIm Verein Kinderlachen fungiert Leo als erster Vorsitzender und Brigitte als Schatzmeisterin.<\/p>\n<\/div>\n<p class=\"bodytext\">\n<\/div>\n<\/div>\n","protected":false},"excerpt":{"rendered":"<p>Der Verein Kinderlachen Wir &#8211; Leo Fr\u00fchsch\u00fctz und Brigitte Holzbauer\u00a0 &#8211; haben den Verein Kinderlachen zusammen mit einigen Freunden im Oktober 2000 gegr\u00fcndet. Sein Ziel ist es, Paten und Unterst\u00fctzer f\u00fcr das Baby Sarah&#8217;s Home zu finden und so den Erhalt des Heims zu sichern. Der Verein ist vom Finanzamt Garmisch-Partenkichen als gemeinn\u00fctzig anerkannt. So &hellip;<\/p>\n","protected":false},"author":1,"featured_media":0,"parent":0,"menu_order":0,"comment_status":"closed","ping_status":"closed","template":"","meta":[],"post_mailing_queue_ids":[],"_links":{"self":[{"href":"https:\/\/www.babysarahshome.de\/index.php?rest_route=\/wp\/v2\/pages\/61"}],"collection":[{"href":"https:\/\/www.babysarahshome.de\/index.php?rest_route=\/wp\/v2\/pages"}],"about":[{"href":"https:\/\/www.babysarahshome.de\/index.php?rest_route=\/wp\/v2\/types\/page"}],"author":[{"embeddable":true,"href":"https:\/\/www.babysarahshome.de\/index.php?rest_route=\/wp\/v2\/users\/1"}],"replies":[{"embeddable":true,"href":"https:\/\/www.babysarahshome.de\/index.php?rest_route=%2Fwp%2Fv2%2Fcomments&post=61"}],"version-history":[{"count":8,"href":"https:\/\/www.babysarahshome.de\/index.php?rest_route=\/wp\/v2\/pages\/61\/revisions"}],"predecessor-version":[{"id":375,"href":"https:\/\/www.babysarahshome.de\/index.php?rest_route=\/wp\/v2\/pages\/61\/revisions\/375"}],"wp:attachment":[{"href":"https:\/\/www.babysarahshome.de\/index.php?rest_route=%2Fwp%2Fv2%2Fmedia&parent=61"}],"curies":[{"name":"wp","href":"https:\/\/api.w.org\/{rel}","templated":true}]}}