{"id":67,"date":"2016-05-09T19:57:09","date_gmt":"2016-05-09T17:57:09","guid":{"rendered":"http:\/\/wp.babysarahshome.de\/?page_id=67"},"modified":"2017-02-02T19:19:28","modified_gmt":"2017-02-02T18:19:28","slug":"unsere-geschichte","status":"publish","type":"page","link":"https:\/\/www.babysarahshome.de\/?page_id=67","title":{"rendered":"Unsere Geschichte"},"content":{"rendered":"<div id=\"c308\" class=\"csc-default\">\n<div class=\"csc-textpic csc-textpic-intext-right\">\n<div class=\"csc-textpic-text\">\n<h2 class=\"bodytext\"><a href=\"http:\/\/wp.babysarahshome.de\/wp-content\/uploads\/2016\/05\/pic6_abflug_klein_01.jpg\"><img loading=\"lazy\" class=\"alignleft wp-image-69 size-medium\" src=\"http:\/\/wp.babysarahshome.de\/wp-content\/uploads\/2016\/05\/pic6_abflug_klein_01-300x210.jpg\" alt=\"Vor dem Abflug nach Indien 1994\" width=\"300\" height=\"210\" srcset=\"https:\/\/www.babysarahshome.de\/wp-content\/uploads\/2016\/05\/pic6_abflug_klein_01-300x210.jpg 300w, https:\/\/www.babysarahshome.de\/wp-content\/uploads\/2016\/05\/pic6_abflug_klein_01-768x538.jpg 768w, https:\/\/www.babysarahshome.de\/wp-content\/uploads\/2016\/05\/pic6_abflug_klein_01.jpg 800w\" sizes=\"(max-width: 300px) 100vw, 300px\" \/><\/a>Unsere Geschichte<\/h2>\n<p class=\"bodytext\">Im Januar 1995 trafen wir (Brigitte Holzbauer und Leo Fr\u00fchsch\u00fctz) w\u00e4hrend eines l\u00e4ngeren Indien-Aufenthalts in Pondicherry den indischen Sozialarbeiter A.P. Joseph. Er war gerade dabei, ein Heim f\u00fcr behinderte Kinder und Waisen zu gr\u00fcnden. Nachdem wir ihn, seine Familie und seine Arbeit genauer kennengelernt hatten, beschlossen wir, das Projekt zu unterst\u00fctzen, das seither den Namen unserer Tochter Sarah tr\u00e4gt. In den folgenden f\u00fcnf Jahren sammelten wir im Verwandten- und Bekanntenkreis kleinere Summen, die wir zusammen mit eigenen Mitteln nach Pondicherry schickten.<b> <\/b>Im Sommer 2000 besuchten wir das Heim und stellten fest, dass es vor dem finanziellen Kollaps stand. Gleichzeitig konnten wir uns davon \u00fcberzeugen, wie wertvoll die Arbeit von A.P. Joseph und seiner Familie war und wie liebevoll sie sich um die Kleinen k\u00fcmmerten. Die Kinder, die auf der Stra\u00dfe nicht \u00fcberlebt h\u00e4tten, hatten ein neues Zuhause gefunden. Um dieses Zuhause auf Dauer zu finanzieren, gr\u00fcndeten wir im Oktober 2000 zusammen mit einigen Freunden den gemeinn\u00fctzigen Verein Kinderlachen.<\/p>\n<\/div>\n<\/div>\n<div class=\"csc-textpic-clear\"><\/div>\n<\/div>\n<div id=\"c312\" class=\"csc-default\">\n<div class=\"csc-header csc-header-n2\">\n<h2>Ein eigenes Zuhause<a href=\"http:\/\/wp.babysarahshome.de\/wp-content\/uploads\/2016\/05\/heim_von_vorne_klein_01.jpg\"><img loading=\"lazy\" class=\"alignright wp-image-68 size-medium\" src=\"http:\/\/wp.babysarahshome.de\/wp-content\/uploads\/2016\/05\/heim_von_vorne_klein_01-300x200.jpg\" alt=\"Das Heim im September 2004\" width=\"300\" height=\"200\" srcset=\"https:\/\/www.babysarahshome.de\/wp-content\/uploads\/2016\/05\/heim_von_vorne_klein_01-300x200.jpg 300w, https:\/\/www.babysarahshome.de\/wp-content\/uploads\/2016\/05\/heim_von_vorne_klein_01-768x512.jpg 768w, https:\/\/www.babysarahshome.de\/wp-content\/uploads\/2016\/05\/heim_von_vorne_klein_01.jpg 800w\" sizes=\"(max-width: 300px) 100vw, 300px\" \/><\/a><\/h2>\n<\/div>\n<div class=\"csc-textpic csc-textpic-intext-right\">\n<div class=\"csc-textpic-text\">\n<p class=\"bodytext\">Wir fanden schnell hilfreiche Menschen und konnten mit deren regelm\u00e4\u00dfigen Spenden die laufenden Kosten des Heims decken. Parallel dazu verdoppelte sich die Zahl der betreuten Kinder von 20 auf 40. Doch noch war das Heim in kleinen angemieteten Wohnungen sehr beengt und in \u00e4rmlichen Verh\u00e4ltnissen untergebracht. Im Sommer 2004 konnten wir nach zweij\u00e4hriger Bauzeit ein eigenes, ger\u00e4umiges und helles Haus am Stadtrand von Pondicherry einweihen.<\/p>\n<p class=\"bodytext\"><a href=\"http:\/\/wp.babysarahshome.de\/wp-content\/uploads\/2016\/05\/er\u00f6ffnung0klein.jpg\"><img loading=\"lazy\" class=\"wp-image-70 size-medium alignright\" src=\"http:\/\/wp.babysarahshome.de\/wp-content\/uploads\/2016\/05\/er\u00f6ffnung0klein-300x199.jpg\" alt=\"Der erste Stock ist fast fertig 2011\" width=\"300\" height=\"199\" srcset=\"https:\/\/www.babysarahshome.de\/wp-content\/uploads\/2016\/05\/er\u00f6ffnung0klein-300x199.jpg 300w, https:\/\/www.babysarahshome.de\/wp-content\/uploads\/2016\/05\/er\u00f6ffnung0klein-768x510.jpg 768w, https:\/\/www.babysarahshome.de\/wp-content\/uploads\/2016\/05\/er\u00f6ffnung0klein-1024x680.jpg 1024w, https:\/\/www.babysarahshome.de\/wp-content\/uploads\/2016\/05\/er\u00f6ffnung0klein.jpg 1200w\" sizes=\"(max-width: 300px) 100vw, 300px\" \/><\/a>Von 2010 bis 2012 setzten wir einen ersten Stock oben drauf. Denn inzwischen lebten 100 Kinder im Heim und es platzte aus allen N\u00e4hten. Seither haben wir neben dem laufenden Betrieb zahlreiche kleinere und gr\u00f6\u00dfere Investitionen finanziert, etwa das Grundst\u00fcck f\u00fcr einen Spielplatz oder die Ausstattung der F\u00f6rderschule. Insgesamt haben wir inzwischen \u00fcber 600.000 Euro an das Heim \u00fcberwiesen.<\/p>\n<\/div>\n<\/div>\n<\/div>\n","protected":false},"excerpt":{"rendered":"<p>Unsere Geschichte Im Januar 1995 trafen wir (Brigitte Holzbauer und Leo Fr\u00fchsch\u00fctz) w\u00e4hrend eines l\u00e4ngeren Indien-Aufenthalts in Pondicherry den indischen Sozialarbeiter A.P. Joseph. Er war gerade dabei, ein Heim f\u00fcr behinderte Kinder und Waisen zu gr\u00fcnden. Nachdem wir ihn, seine Familie und seine Arbeit genauer kennengelernt hatten, beschlossen wir, das Projekt zu unterst\u00fctzen, das seither &hellip;<\/p>\n","protected":false},"author":1,"featured_media":0,"parent":0,"menu_order":0,"comment_status":"closed","ping_status":"closed","template":"","meta":[],"post_mailing_queue_ids":[],"_links":{"self":[{"href":"https:\/\/www.babysarahshome.de\/index.php?rest_route=\/wp\/v2\/pages\/67"}],"collection":[{"href":"https:\/\/www.babysarahshome.de\/index.php?rest_route=\/wp\/v2\/pages"}],"about":[{"href":"https:\/\/www.babysarahshome.de\/index.php?rest_route=\/wp\/v2\/types\/page"}],"author":[{"embeddable":true,"href":"https:\/\/www.babysarahshome.de\/index.php?rest_route=\/wp\/v2\/users\/1"}],"replies":[{"embeddable":true,"href":"https:\/\/www.babysarahshome.de\/index.php?rest_route=%2Fwp%2Fv2%2Fcomments&post=67"}],"version-history":[{"count":7,"href":"https:\/\/www.babysarahshome.de\/index.php?rest_route=\/wp\/v2\/pages\/67\/revisions"}],"predecessor-version":[{"id":380,"href":"https:\/\/www.babysarahshome.de\/index.php?rest_route=\/wp\/v2\/pages\/67\/revisions\/380"}],"wp:attachment":[{"href":"https:\/\/www.babysarahshome.de\/index.php?rest_route=%2Fwp%2Fv2%2Fmedia&parent=67"}],"curies":[{"name":"wp","href":"https:\/\/api.w.org\/{rel}","templated":true}]}}