{"id":84,"date":"2016-05-10T20:35:42","date_gmt":"2016-05-10T18:35:42","guid":{"rendered":"http:\/\/wp.babysarahshome.de\/?page_id=84"},"modified":"2016-06-06T20:46:59","modified_gmt":"2016-06-06T18:46:59","slug":"mehr-uebers-heim","status":"publish","type":"page","link":"https:\/\/www.babysarahshome.de\/?page_id=84","title":{"rendered":"Mehr \u00fcbers Heim"},"content":{"rendered":"<div class=\"csc-header csc-header-n1\">\n<h2 class=\"csc-firstHeader\">Mehr als nur ein Heim<\/h2>\n<\/div>\n<p class=\"bodytext\"><a href=\"http:\/\/wp.babysarahshome.de\/wp-content\/uploads\/2016\/05\/rajesh-am-ball.jpg\"><img loading=\"lazy\" class=\"wp-image-94 size-medium alignright\" src=\"http:\/\/wp.babysarahshome.de\/wp-content\/uploads\/2016\/05\/rajesh-am-ball-300x200.jpg\" alt=\"rajesh am ball\" width=\"300\" height=\"200\" srcset=\"https:\/\/www.babysarahshome.de\/wp-content\/uploads\/2016\/05\/rajesh-am-ball-300x200.jpg 300w, https:\/\/www.babysarahshome.de\/wp-content\/uploads\/2016\/05\/rajesh-am-ball-768x512.jpg 768w, https:\/\/www.babysarahshome.de\/wp-content\/uploads\/2016\/05\/rajesh-am-ball-1024x683.jpg 1024w, https:\/\/www.babysarahshome.de\/wp-content\/uploads\/2016\/05\/rajesh-am-ball.jpg 2048w\" sizes=\"(max-width: 300px) 100vw, 300px\" \/><\/a><a href=\"http:\/\/wp.babysarahshome.de\/wp-content\/uploads\/2016\/05\/IMG_9225.jpg\"><img loading=\"lazy\" class=\"wp-image-91 size-medium alignright\" src=\"http:\/\/wp.babysarahshome.de\/wp-content\/uploads\/2016\/05\/IMG_9225-300x200.jpg\" alt=\"F\u00fcttern an Pongal\" width=\"300\" height=\"200\" srcset=\"https:\/\/www.babysarahshome.de\/wp-content\/uploads\/2016\/05\/IMG_9225-300x200.jpg 300w, https:\/\/www.babysarahshome.de\/wp-content\/uploads\/2016\/05\/IMG_9225.jpg 480w\" sizes=\"(max-width: 300px) 100vw, 300px\" \/><\/a><a href=\"http:\/\/wp.babysarahshome.de\/wp-content\/uploads\/2016\/05\/rampe1.jpg\"><img loading=\"lazy\" class=\"alignright wp-image-90 size-medium\" src=\"http:\/\/wp.babysarahshome.de\/wp-content\/uploads\/2016\/05\/rampe1-300x225.jpg\" alt=\"rampe1\" width=\"300\" height=\"225\" srcset=\"https:\/\/www.babysarahshome.de\/wp-content\/uploads\/2016\/05\/rampe1-300x225.jpg 300w, https:\/\/www.babysarahshome.de\/wp-content\/uploads\/2016\/05\/rampe1.jpg 640w\" sizes=\"(max-width: 300px) 100vw, 300px\" \/><\/a>Das Baby Sarah\u2019s Home gew\u00e4hrt den Kindern nicht nur Nahrung, Unterkunft und medizinische Versorgung. Es ist ihr Zuhause \u2013 eine gro\u00dfe Familie, in der sie mit viel Liebe und Zuneigung aufwachsen k\u00f6nnen. Das war von Anfang an das Konzept des Heimgr\u00fcnders A.P. Joseph und seiner Frau Victoria, die von allen Kindern \u201eAmma\u201c, also Mama, gerufen wird. Als Joseph 2002 starb, \u00fcbernahm der junge Psychologe Karthik zusammen mit Victoria die Leitung des Heims. \u201eGro\u00dfer Bruder\u201c nennen ihn die Kinder. Seit 2013 managt Josephs Sohn Stephen das Heim. Wie in einer Familie k\u00fcmmern sich die gro\u00dfen Geschwister um die kleineren, die Gesunden um die Behinderten. Jeder hat seine festen Aufgaben, hilft mit wo er kann. Nur so l\u00e4sst sich der Alltag mit einer vergleichsweise geringen Zahl von Betreuern bew\u00e4ltigen.<\/p>\n<div class=\"csc-header csc-header-n1\">\n<h2 class=\"csc-firstHeader\"><\/h2>\n<h1 class=\"bodytext\" style=\"text-align: center;\">Der Alltag im Heim<\/h1>\n<p class=\"bodytext\"><a href=\"http:\/\/wp.babysarahshome.de\/wp-content\/uploads\/2016\/05\/essen1.jpg\"><img loading=\"lazy\" class=\"wp-image-160 alignleft\" src=\"http:\/\/wp.babysarahshome.de\/wp-content\/uploads\/2016\/05\/essen1-300x225.jpg\" alt=\"essen1\" width=\"266\" height=\"200\" srcset=\"https:\/\/www.babysarahshome.de\/wp-content\/uploads\/2016\/05\/essen1-300x225.jpg 300w, https:\/\/www.babysarahshome.de\/wp-content\/uploads\/2016\/05\/essen1-768x576.jpg 768w, https:\/\/www.babysarahshome.de\/wp-content\/uploads\/2016\/05\/essen1.jpg 800w\" sizes=\"(max-width: 266px) 100vw, 266px\" \/><\/a><a href=\"http:\/\/wp.babysarahshome.de\/wp-content\/uploads\/2016\/05\/b\u00fccher.jpg\"><img loading=\"lazy\" class=\"alignright wp-image-146 \" src=\"http:\/\/wp.babysarahshome.de\/wp-content\/uploads\/2016\/05\/b\u00fccher-300x190.jpg\" alt=\"b\u00fccher\" width=\"316\" height=\"200\" srcset=\"https:\/\/www.babysarahshome.de\/wp-content\/uploads\/2016\/05\/b\u00fccher-300x190.jpg 300w, https:\/\/www.babysarahshome.de\/wp-content\/uploads\/2016\/05\/b\u00fccher-768x488.jpg 768w, https:\/\/www.babysarahshome.de\/wp-content\/uploads\/2016\/05\/b\u00fccher-1024x650.jpg 1024w, https:\/\/www.babysarahshome.de\/wp-content\/uploads\/2016\/05\/b\u00fccher.jpg 2048w\" sizes=\"(max-width: 316px) 100vw, 316px\" \/><\/a>Unter der Woche ist der Alltag im Heim straff organisiert. Es geht zwischen f\u00fcnf und sechs Uhr morgens los. Schlie\u00dflich dauert es seine Zeit, bis alle Kinder geweckt, gewaschen, gek\u00e4mmt und angezogen sind. Um acht gibt es Fr\u00fchst\u00fcck, gegen halb neun verlassen die Schulkinder das Heim. Sie kommen wieder, wenn die Schule um vier Uhr\u00a0nachmittags zu Ende ist. Um halb zehn beginnt im Heim die F\u00f6rderschule. Gegen halb eins essen die behinderten Kinder zu mittag, haben dann Pause und von zwei bis vier nochmals Schule.<\/p>\n<p class=\"bodytext\">Wenn am sp\u00e4ten Nachmittag alle wieder zusammen sind, gibt es einen kleinen Imbiss, anschlie\u00dfend Pause zum Spielen. Sp\u00e4testens um sechs ist dann Zeit f\u00fcr Hausaufgaben, Nachhilfe, diverse Kurse und andere Arbeiten, die noch zu erledigen sind. Gegen acht Uhr gibt es nochmal warmes Essen. Nach einem gemeinsamen Abendgebet werden dann die Schlafmatten ausgerollt. Meist dauert es bis halb zehn, bis halbwegs Ruhe eingekehrt ist.<\/p>\n<p class=\"bodytext\"><a href=\"http:\/\/wp.babysarahshome.de\/wp-content\/uploads\/2016\/05\/strand2.jpg\"><img loading=\"lazy\" class=\"alignleft wp-image-142 size-medium\" src=\"http:\/\/wp.babysarahshome.de\/wp-content\/uploads\/2016\/05\/strand2-200x300.jpg\" alt=\"strand2\" width=\"200\" height=\"300\" srcset=\"https:\/\/www.babysarahshome.de\/wp-content\/uploads\/2016\/05\/strand2-200x300.jpg 200w, https:\/\/www.babysarahshome.de\/wp-content\/uploads\/2016\/05\/strand2.jpg 640w\" sizes=\"(max-width: 200px) 100vw, 200px\" \/><\/a><a href=\"http:\/\/wp.babysarahshome.de\/wp-content\/uploads\/2016\/05\/ausflug.jpg\"><img loading=\"lazy\" class=\"alignright wp-image-147 size-medium\" src=\"http:\/\/wp.babysarahshome.de\/wp-content\/uploads\/2016\/05\/ausflug-300x300.jpg\" alt=\"ausflug\" width=\"300\" height=\"300\" srcset=\"https:\/\/www.babysarahshome.de\/wp-content\/uploads\/2016\/05\/ausflug-300x300.jpg 300w, https:\/\/www.babysarahshome.de\/wp-content\/uploads\/2016\/05\/ausflug-150x150.jpg 150w, https:\/\/www.babysarahshome.de\/wp-content\/uploads\/2016\/05\/ausflug-768x768.jpg 768w, https:\/\/www.babysarahshome.de\/wp-content\/uploads\/2016\/05\/ausflug.jpg 960w\" sizes=\"(max-width: 300px) 100vw, 300px\" \/><\/a>An den Wochenenden ist Zeit zum Spielen, zum Baden am nahegelegenen Strand und f\u00fcr andere Aktivit\u00e4ten. Oft kommen mittags wohlhabendere indische Familien , die den Geburtstag eines ihrer Kinder mit den Heimkindern feiern und dazu Geschenke mitbringen, meist S\u00fc\u00dfigkeiten, Essen oder Kleidung. \u00a0Das Gr\u00f6\u00dfte f\u00fcr die Kinder sind gelegentliche Ausfl\u00fcge, etwa in einen Vergn\u00fcgungspark nach Madras, und die gro\u00dfen Festtage. Sie feiern das christliche Weihnachten ebenso wie das indische Lichterfest Divali. Geburtstag feiern die Kinder \u00fcbrigens auch,mit Kuchen, Geburtstagsgeschenken und Musik. Oft kommen zu diesen Feierlichkeiten auch Bekannte und Nachbarn vorbei, um den Geburtstagskindern zu gratulieren und mitzufeiern. Weil bei 100 Kindern die Feiern kein Ende nehmen w\u00fcrden, ist jeden zweiten Samstag im Monat Geburtstagsparty. Dann feiern alle Kinder, die in diesem Monat Geburtstag haben.<\/p>\n<p class=\"bodytext\"><a href=\"http:\/\/wp.babysarahshome.de\/wp-content\/uploads\/2016\/05\/geburtstag-2-16.jpg\"><img loading=\"lazy\" class=\"wp-image-153 alignnone\" src=\"http:\/\/wp.babysarahshome.de\/wp-content\/uploads\/2016\/05\/geburtstag-2-16-300x262.jpg\" alt=\"geburtstag 2-16\" width=\"257\" height=\"224\" srcset=\"https:\/\/www.babysarahshome.de\/wp-content\/uploads\/2016\/05\/geburtstag-2-16-300x262.jpg 300w, https:\/\/www.babysarahshome.de\/wp-content\/uploads\/2016\/05\/geburtstag-2-16-768x671.jpg 768w, https:\/\/www.babysarahshome.de\/wp-content\/uploads\/2016\/05\/geburtstag-2-16-1024x895.jpg 1024w, https:\/\/www.babysarahshome.de\/wp-content\/uploads\/2016\/05\/geburtstag-2-16.jpg 2048w\" sizes=\"(max-width: 257px) 100vw, 257px\" \/><\/a><a href=\"http:\/\/wp.babysarahshome.de\/wp-content\/uploads\/2016\/05\/geburtstag3.jpg\"><img loading=\"lazy\" class=\"wp-image-140 alignnone\" src=\"http:\/\/wp.babysarahshome.de\/wp-content\/uploads\/2016\/05\/geburtstag3-300x200.jpg\" alt=\"geburtstag3\" width=\"335\" height=\"223\" srcset=\"https:\/\/www.babysarahshome.de\/wp-content\/uploads\/2016\/05\/geburtstag3-300x200.jpg 300w, https:\/\/www.babysarahshome.de\/wp-content\/uploads\/2016\/05\/geburtstag3-768x512.jpg 768w, https:\/\/www.babysarahshome.de\/wp-content\/uploads\/2016\/05\/geburtstag3-1024x683.jpg 1024w, https:\/\/www.babysarahshome.de\/wp-content\/uploads\/2016\/05\/geburtstag3.jpg 2048w\" sizes=\"(max-width: 335px) 100vw, 335px\" \/><\/a><a href=\"http:\/\/wp.babysarahshome.de\/wp-content\/uploads\/2016\/05\/geburtstag-1-16.jpg\"><img loading=\"lazy\" class=\"wp-image-139 alignnone\" src=\"http:\/\/wp.babysarahshome.de\/wp-content\/uploads\/2016\/05\/geburtstag-1-16-300x200.jpg\" alt=\"geburtstag 1-16\" width=\"337\" height=\"225\" srcset=\"https:\/\/www.babysarahshome.de\/wp-content\/uploads\/2016\/05\/geburtstag-1-16-300x200.jpg 300w, https:\/\/www.babysarahshome.de\/wp-content\/uploads\/2016\/05\/geburtstag-1-16-768x512.jpg 768w, https:\/\/www.babysarahshome.de\/wp-content\/uploads\/2016\/05\/geburtstag-1-16-1024x683.jpg 1024w, https:\/\/www.babysarahshome.de\/wp-content\/uploads\/2016\/05\/geburtstag-1-16.jpg 2048w\" sizes=\"(max-width: 337px) 100vw, 337px\" \/><\/a><\/p>\n<\/div>\n<p class=\"bodytext\" style=\"text-align: center;\">Noch mehr vom Heim:<br \/>\n<a href=\"http:\/\/wp.babysarahshome.de\/?page_id=102\">Das Team\u00a0\u00a0\u00a0<\/a>\u00a0\u00a0\u00a0\u00a0\u00a0\u00a0\u00a0\u00a0\u00a0\u00a0\u00a0\u00a0\u00a0\u00a0\u00a0\u00a0\u00a0\u00a0\u00a0\u00a0\u00a0\u00a0\u00a0\u00a0\u00a0\u00a0\u00a0\u00a0\u00a0 <a href=\"http:\/\/wp.babysarahshome.de\/?page_id=111\">Schule, F\u00f6rderschule, Bildung<\/a><\/p>\n","protected":false},"excerpt":{"rendered":"<p>Mehr als nur ein Heim Das Baby Sarah\u2019s Home gew\u00e4hrt den Kindern nicht nur Nahrung, Unterkunft und medizinische Versorgung. Es ist ihr Zuhause \u2013 eine gro\u00dfe Familie, in der sie mit viel Liebe und Zuneigung aufwachsen k\u00f6nnen. Das war von Anfang an das Konzept des Heimgr\u00fcnders A.P. Joseph und seiner Frau Victoria, die von allen &hellip;<\/p>\n","protected":false},"author":1,"featured_media":0,"parent":0,"menu_order":0,"comment_status":"closed","ping_status":"closed","template":"","meta":[],"post_mailing_queue_ids":[],"_links":{"self":[{"href":"https:\/\/www.babysarahshome.de\/index.php?rest_route=\/wp\/v2\/pages\/84"}],"collection":[{"href":"https:\/\/www.babysarahshome.de\/index.php?rest_route=\/wp\/v2\/pages"}],"about":[{"href":"https:\/\/www.babysarahshome.de\/index.php?rest_route=\/wp\/v2\/types\/page"}],"author":[{"embeddable":true,"href":"https:\/\/www.babysarahshome.de\/index.php?rest_route=\/wp\/v2\/users\/1"}],"replies":[{"embeddable":true,"href":"https:\/\/www.babysarahshome.de\/index.php?rest_route=%2Fwp%2Fv2%2Fcomments&post=84"}],"version-history":[{"count":15,"href":"https:\/\/www.babysarahshome.de\/index.php?rest_route=\/wp\/v2\/pages\/84\/revisions"}],"predecessor-version":[{"id":287,"href":"https:\/\/www.babysarahshome.de\/index.php?rest_route=\/wp\/v2\/pages\/84\/revisions\/287"}],"wp:attachment":[{"href":"https:\/\/www.babysarahshome.de\/index.php?rest_route=%2Fwp%2Fv2%2Fmedia&parent=84"}],"curies":[{"name":"wp","href":"https:\/\/api.w.org\/{rel}","templated":true}]}}